{"id":8045,"date":"2024-09-01T19:40:01","date_gmt":"2024-09-01T19:40:01","guid":{"rendered":"https:\/\/bleudubai.com\/product\/wakesurf-o-kneeboard-en-dubai\/"},"modified":"2025-10-15T08:58:05","modified_gmt":"2025-10-15T04:58:05","slug":"wakesurf-o-kneeboard-en-dubai","status":"publish","type":"product","link":"https:\/\/bleudubai.com\/es\/producto\/wakesurf-o-kneeboard-en-dubai\/","title":{"rendered":"Wakesurf o Kneeboard en Dubai"},"content":{"rendered":"<p>Emb\u00e1rquese en un viaje inolvidable a bordo de nuestra ultramoderna lancha r\u00e1pida Regal 21 de 21 pies. Descubra los lugares m\u00e1s famosos de Dubai, desde el Burj Al Arab hasta Atlantis. Tanto si busca una emocionante aventura de wakeboard como una escapada tranquila para admirar unas vistas impresionantes, nuestra escapada a Dubai le ofrece infinitas posibilidades. Aproveche nuestras instalaciones, desde remolques familiares hasta bebidas y aperitivos gratuitos a bordo. <\/p>\n","protected":false},"excerpt":{"rendered":"<p>Explore los lugares emblem\u00e1ticos de Dubai de una forma nueva con nuestra lancha r\u00e1pida Regal 21. Tanto si busca una experiencia rom\u00e1ntica como una aventura de wakeboard llena de adrenalina, descubra la belleza costera de la ciudad desde el agua. <\/p>\n","protected":false},"featured_media":7134,"comment_status":"open","ping_status":"closed","template":"","meta":{"_acf_changed":false},"product_brand":[],"product_cat":[147,167,207,182],"product_tag":[],"class_list":{"0":"post-8045","1":"product","2":"type-product","3":"status-publish","4":"has-post-thumbnail","6":"product_cat-actividades-acuaticas","7":"product_cat-actividades-familiares","8":"product_cat-deporte-y-adrenalina","9":"product_cat-paseo-en-barco","11":"first","12":"instock","13":"shipping-taxable","14":"purchasable","15":"product-type-simple"},"acf":[],"_links":{"self":[{"href":"https:\/\/bleudubai.com\/es\/wp-json\/wp\/v2\/product\/8045","targetHints":{"allow":["GET"]}}],"collection":[{"href":"https:\/\/bleudubai.com\/es\/wp-json\/wp\/v2\/product"}],"about":[{"href":"https:\/\/bleudubai.com\/es\/wp-json\/wp\/v2\/types\/product"}],"replies":[{"embeddable":true,"href":"https:\/\/bleudubai.com\/es\/wp-json\/wp\/v2\/comments?post=8045"}],"wp:featuredmedia":[{"embeddable":true,"href":"https:\/\/bleudubai.com\/es\/wp-json\/wp\/v2\/media\/7134"}],"wp:attachment":[{"href":"https:\/\/bleudubai.com\/es\/wp-json\/wp\/v2\/media?parent=8045"}],"wp:term":[{"taxonomy":"product_brand","embeddable":true,"href":"https:\/\/bleudubai.com\/es\/wp-json\/wp\/v2\/product_brand?post=8045"},{"taxonomy":"product_cat","embeddable":true,"href":"https:\/\/bleudubai.com\/es\/wp-json\/wp\/v2\/product_cat?post=8045"},{"taxonomy":"product_tag","embeddable":true,"href":"https:\/\/bleudubai.com\/es\/wp-json\/wp\/v2\/product_tag?post=8045"}],"curies":[{"name":"wp","href":"https:\/\/api.w.org\/{rel}","templated":true}]}}