{"id":8046,"date":"2024-09-01T19:40:01","date_gmt":"2024-09-01T19:40:01","guid":{"rendered":"https:\/\/bleudubai.com\/product\/experiencia-e-foil-de-40-minutos\/"},"modified":"2024-11-13T07:30:37","modified_gmt":"2024-11-13T07:30:37","slug":"experiencia-e-foil-de-40-minutos","status":"publish","type":"product","link":"https:\/\/bleudubai.com\/es\/producto\/experiencia-e-foil-de-40-minutos\/","title":{"rendered":"Experiencia E-Foil de 40 minutos"},"content":{"rendered":"<p>Disfrute de la sensaci\u00f3n \u00fanica de deslizarse sobre las aguas de Palm Jumeirah con nuestra aventura en hidrodeslizador el\u00e9ctrico. Tanto si es principiante como experto, Seamocean tiene tablas para todos los gustos, con instructores experimentados que le ayudar\u00e1n a despegar r\u00e1pidamente. Comience su aventura en el Yacht Club del Sofitel the Palm, donde recibir\u00e1 una sesi\u00f3n informativa de 10 minutos sobre seguridad y funcionamiento. Familiar\u00edcese con el equilibrio sobre el E-Foil en las tranquilas aguas de la Palmera con tablas especialmente dise\u00f1adas y el asesoramiento de expertos. <\/p>\n","protected":false},"excerpt":{"rendered":"<p>Descubra la emoci\u00f3n del E-Foil en las tranquilas aguas de Palm Jumeirah. Tanto si es un principiante como un experto, \u00fanase a esta electrizante experiencia con tablas para todos los niveles. Instructores cualificados se asegurar\u00e1n de que todo el mundo empiece con buen pie.  <\/p>\n","protected":false},"featured_media":7119,"comment_status":"open","ping_status":"closed","template":"","meta":{"_acf_changed":false},"product_brand":[],"product_cat":[147,207,182],"product_tag":[],"class_list":{"0":"post-8046","1":"product","2":"type-product","3":"status-publish","4":"has-post-thumbnail","6":"product_cat-actividades-acuaticas","7":"product_cat-deporte-y-adrenalina","8":"product_cat-paseo-en-barco","10":"first","11":"instock","12":"shipping-taxable","13":"purchasable","14":"product-type-simple"},"acf":[],"_links":{"self":[{"href":"https:\/\/bleudubai.com\/es\/wp-json\/wp\/v2\/product\/8046","targetHints":{"allow":["GET"]}}],"collection":[{"href":"https:\/\/bleudubai.com\/es\/wp-json\/wp\/v2\/product"}],"about":[{"href":"https:\/\/bleudubai.com\/es\/wp-json\/wp\/v2\/types\/product"}],"replies":[{"embeddable":true,"href":"https:\/\/bleudubai.com\/es\/wp-json\/wp\/v2\/comments?post=8046"}],"wp:featuredmedia":[{"embeddable":true,"href":"https:\/\/bleudubai.com\/es\/wp-json\/wp\/v2\/media\/7119"}],"wp:attachment":[{"href":"https:\/\/bleudubai.com\/es\/wp-json\/wp\/v2\/media?parent=8046"}],"wp:term":[{"taxonomy":"product_brand","embeddable":true,"href":"https:\/\/bleudubai.com\/es\/wp-json\/wp\/v2\/product_brand?post=8046"},{"taxonomy":"product_cat","embeddable":true,"href":"https:\/\/bleudubai.com\/es\/wp-json\/wp\/v2\/product_cat?post=8046"},{"taxonomy":"product_tag","embeddable":true,"href":"https:\/\/bleudubai.com\/es\/wp-json\/wp\/v2\/product_tag?post=8046"}],"curies":[{"name":"wp","href":"https:\/\/api.w.org\/{rel}","templated":true}]}}