{"id":8047,"date":"2024-09-01T19:40:01","date_gmt":"2024-09-01T19:40:01","guid":{"rendered":"https:\/\/bleudubai.com\/product\/entrada-al-parque-acuatico-wild-wadi\/"},"modified":"2024-11-13T07:32:05","modified_gmt":"2024-11-13T07:32:05","slug":"entrada-al-parque-acuatico-wild-wadi","status":"publish","type":"product","link":"https:\/\/bleudubai.com\/es\/producto\/entrada-al-parque-acuatico-wild-wadi\/","title":{"rendered":"Entrada al parque acu\u00e1tico Wild Wadi"},"content":{"rendered":"<p>Pase un d\u00eda lleno de diversi\u00f3n en el Parque Acu\u00e1tico Wild Wadi con esta entrada. Situado frente al Burj-al-Arab, el parque ofrece m\u00e1s de 30 atracciones, desde toboganes hasta olas gigantes, que garantizan un d\u00eda de aventura y diversi\u00f3n para toda la familia. Disfrute del lento r\u00edo Juha, de emocionantes toboganes como Tantrum Alley y Burj Surj, y de experiencias \u00fanicas de surf con Wipeout y Riptide Flowriders. El Jumeirah Sceirah ofrece una ca\u00edda de 70\u00b0 para los adictos a la adrenalina.<\/p>\n","protected":false},"excerpt":{"rendered":"<p>Refr\u00e9squese con las m\u00e1s de 30 atracciones del Parque Acu\u00e1tico Wild Wadi de Dubai. Contempla el Burj-al-Arab, vive emociones fuertes en la singular monta\u00f1a rusa y disfruta de un d\u00eda lleno de aventuras con toboganes, olas y mucho m\u00e1s. <\/p>\n","protected":false},"featured_media":7104,"comment_status":"open","ping_status":"closed","template":"","meta":{"_acf_changed":false},"product_brand":[],"product_cat":[167,202],"product_tag":[],"class_list":{"0":"post-8047","1":"product","2":"type-product","3":"status-publish","4":"has-post-thumbnail","6":"product_cat-actividades-familiares","7":"product_cat-parques-de-atracciones","9":"first","10":"instock","11":"shipping-taxable","12":"purchasable","13":"product-type-simple"},"acf":[],"_links":{"self":[{"href":"https:\/\/bleudubai.com\/es\/wp-json\/wp\/v2\/product\/8047","targetHints":{"allow":["GET"]}}],"collection":[{"href":"https:\/\/bleudubai.com\/es\/wp-json\/wp\/v2\/product"}],"about":[{"href":"https:\/\/bleudubai.com\/es\/wp-json\/wp\/v2\/types\/product"}],"replies":[{"embeddable":true,"href":"https:\/\/bleudubai.com\/es\/wp-json\/wp\/v2\/comments?post=8047"}],"wp:featuredmedia":[{"embeddable":true,"href":"https:\/\/bleudubai.com\/es\/wp-json\/wp\/v2\/media\/7104"}],"wp:attachment":[{"href":"https:\/\/bleudubai.com\/es\/wp-json\/wp\/v2\/media?parent=8047"}],"wp:term":[{"taxonomy":"product_brand","embeddable":true,"href":"https:\/\/bleudubai.com\/es\/wp-json\/wp\/v2\/product_brand?post=8047"},{"taxonomy":"product_cat","embeddable":true,"href":"https:\/\/bleudubai.com\/es\/wp-json\/wp\/v2\/product_cat?post=8047"},{"taxonomy":"product_tag","embeddable":true,"href":"https:\/\/bleudubai.com\/es\/wp-json\/wp\/v2\/product_tag?post=8047"}],"curies":[{"name":"wp","href":"https:\/\/api.w.org\/{rel}","templated":true}]}}