{"id":8048,"date":"2024-09-01T19:40:01","date_gmt":"2024-09-01T19:40:01","guid":{"rendered":"https:\/\/bleudubai.com\/product\/alquiler-de-barcos-crucero-privado-de-lujo-a-bordo-de-un-elegante-yate\/"},"modified":"2025-10-15T08:57:49","modified_gmt":"2025-10-15T04:57:49","slug":"alquiler-de-barcos-crucero-privado-de-lujo-a-bordo-de-un-elegante-yate","status":"publish","type":"product","link":"https:\/\/bleudubai.com\/es\/producto\/alquiler-de-barcos-crucero-privado-de-lujo-a-bordo-de-un-elegante-yate\/","title":{"rendered":"Alquiler de barcos : Crucero privado de lujo a bordo de un elegante yate"},"content":{"rendered":"<p>Emb\u00e1rquese en un crucero de 2 horas como m\u00ednimo y disfrute de unas vistas excepcionales de los monumentos de Dubai.<\/p>\n<p>Un equipo amable garantiza una experiencia inolvidable con la posibilidad de preparar una barbacoa si trae su propia comida, bebidas incluidas, altavoz Bluetooth, e incluso es posible la entrega de una moto acu\u00e1tica en el barco.<\/p>\n<p>Pase por atracciones famosas como la Laguna, JBR, Sky Dive, Kempinski, Atlantis y The Anchor.<\/p>\n<p>Nade cerca del JBR y haga una pausa para darse un chapuz\u00f3n en una laguna.<\/p>\n<p>Al final del crucero, le llevar\u00e1n de vuelta al puerto de Dubai.<\/p>\n","protected":false},"excerpt":{"rendered":"<p>Emb\u00e1rquese en un crucero privado en yate por el puerto de Dubai. Contemple los lugares emblem\u00e1ticos desde el agua, elija entre cruceros de 2 o 3 horas y t\u00f3mese un descanso para darse un ba\u00f1o. Disfrute de la hospitalidad a bordo con barbacoa y m\u00fasica, todo incluido.  <\/p>\n","protected":false},"featured_media":7089,"comment_status":"open","ping_status":"closed","template":"","meta":{"_acf_changed":false},"product_brand":[],"product_cat":[167,172,197,182],"product_tag":[],"class_list":{"0":"post-8048","1":"product","2":"type-product","3":"status-publish","4":"has-post-thumbnail","6":"product_cat-actividades-familiares","7":"product_cat-actividades-imprescindibles","8":"product_cat-los-imprescindibles","9":"product_cat-paseo-en-barco","11":"first","12":"instock","13":"shipping-taxable","14":"purchasable","15":"product-type-simple"},"acf":[],"_links":{"self":[{"href":"https:\/\/bleudubai.com\/es\/wp-json\/wp\/v2\/product\/8048","targetHints":{"allow":["GET"]}}],"collection":[{"href":"https:\/\/bleudubai.com\/es\/wp-json\/wp\/v2\/product"}],"about":[{"href":"https:\/\/bleudubai.com\/es\/wp-json\/wp\/v2\/types\/product"}],"replies":[{"embeddable":true,"href":"https:\/\/bleudubai.com\/es\/wp-json\/wp\/v2\/comments?post=8048"}],"wp:featuredmedia":[{"embeddable":true,"href":"https:\/\/bleudubai.com\/es\/wp-json\/wp\/v2\/media\/7089"}],"wp:attachment":[{"href":"https:\/\/bleudubai.com\/es\/wp-json\/wp\/v2\/media?parent=8048"}],"wp:term":[{"taxonomy":"product_brand","embeddable":true,"href":"https:\/\/bleudubai.com\/es\/wp-json\/wp\/v2\/product_brand?post=8048"},{"taxonomy":"product_cat","embeddable":true,"href":"https:\/\/bleudubai.com\/es\/wp-json\/wp\/v2\/product_cat?post=8048"},{"taxonomy":"product_tag","embeddable":true,"href":"https:\/\/bleudubai.com\/es\/wp-json\/wp\/v2\/product_tag?post=8048"}],"curies":[{"name":"wp","href":"https:\/\/api.w.org\/{rel}","templated":true}]}}