{"id":8049,"date":"2024-09-01T19:39:39","date_gmt":"2024-09-01T15:39:39","guid":{"rendered":"https:\/\/bleudubai.com\/product\/entrada-prioritaria-a-la-aldea-global\/"},"modified":"2024-11-13T07:35:19","modified_gmt":"2024-11-13T07:35:19","slug":"entrada-prioritaria-a-la-aldea-global","status":"publish","type":"product","link":"https:\/\/bleudubai.com\/es\/producto\/entrada-prioritaria-a-la-aldea-global\/","title":{"rendered":"Entrada prioritaria a la Aldea Global"},"content":{"rendered":"<p>Global Village Dubai es un destino imprescindible para las familias, que ofrece una fusi\u00f3n \u00fanica de entretenimiento, compras y gastronom\u00eda. Situada en el coraz\u00f3n de la ciudad, esta din\u00e1mica atracci\u00f3n re\u00fane cada a\u00f1o a culturas de todo el mundo. Recorra 27 pabellones, cada uno de los cuales representa a un pa\u00eds diferente, para explorar el mundo en una sola visita. Sum\u00e9rjase en la autenticidad de cada cultura, desde los bulliciosos bazares de la India hasta las encantadoras calles de Europa. Con m\u00e1s de 40.000 espect\u00e1culos de talla mundial, Global Village celebra la diversidad de las tradiciones del mundo. Las atracciones de carnaval, los fuegos artificiales y un bullicioso mercado aumentan la emoci\u00f3n. Los amantes de las compras estar\u00e1n encantados con el bullicioso mercado, que ofrece una gran variedad de artesan\u00eda y recuerdos \u00fanicos. La experiencia culinaria es igualmente diversa, con cocinas internacionales que van desde la comida callejera a las delicias gourmet. <\/p>\n","protected":false},"excerpt":{"rendered":"<p>Explore la diversidad del mundo en Global Village Dubai. Disfrute de una experiencia cultural, comercial y de degustaci\u00f3n con una entrada que le permite saltarse las colas. <\/p>\n","protected":false},"featured_media":7074,"comment_status":"open","ping_status":"closed","template":"","meta":{"_acf_changed":false},"product_brand":[],"product_cat":[167,172,192,187,197],"product_tag":[],"class_list":{"0":"post-8049","1":"product","2":"type-product","3":"status-publish","4":"has-post-thumbnail","6":"product_cat-actividades-familiares","7":"product_cat-actividades-imprescindibles","8":"product_cat-city-pass-es","9":"product_cat-entradas","10":"product_cat-los-imprescindibles","12":"first","13":"instock","14":"shipping-taxable","15":"purchasable","16":"product-type-simple"},"acf":[],"_links":{"self":[{"href":"https:\/\/bleudubai.com\/es\/wp-json\/wp\/v2\/product\/8049","targetHints":{"allow":["GET"]}}],"collection":[{"href":"https:\/\/bleudubai.com\/es\/wp-json\/wp\/v2\/product"}],"about":[{"href":"https:\/\/bleudubai.com\/es\/wp-json\/wp\/v2\/types\/product"}],"replies":[{"embeddable":true,"href":"https:\/\/bleudubai.com\/es\/wp-json\/wp\/v2\/comments?post=8049"}],"wp:featuredmedia":[{"embeddable":true,"href":"https:\/\/bleudubai.com\/es\/wp-json\/wp\/v2\/media\/7074"}],"wp:attachment":[{"href":"https:\/\/bleudubai.com\/es\/wp-json\/wp\/v2\/media?parent=8049"}],"wp:term":[{"taxonomy":"product_brand","embeddable":true,"href":"https:\/\/bleudubai.com\/es\/wp-json\/wp\/v2\/product_brand?post=8049"},{"taxonomy":"product_cat","embeddable":true,"href":"https:\/\/bleudubai.com\/es\/wp-json\/wp\/v2\/product_cat?post=8049"},{"taxonomy":"product_tag","embeddable":true,"href":"https:\/\/bleudubai.com\/es\/wp-json\/wp\/v2\/product_tag?post=8049"}],"curies":[{"name":"wp","href":"https:\/\/api.w.org\/{rel}","templated":true}]}}