{"id":8050,"date":"2024-09-01T19:39:39","date_gmt":"2024-09-01T19:39:39","guid":{"rendered":"https:\/\/bleudubai.com\/product\/entrada-preferente-a-kidzania-dubai\/"},"modified":"2024-11-13T07:36:45","modified_gmt":"2024-11-13T07:36:45","slug":"entrada-preferente-a-kidzania-dubai","status":"publish","type":"product","link":"https:\/\/bleudubai.com\/es\/producto\/entrada-preferente-a-kidzania-dubai\/","title":{"rendered":"Entrada preferente a KidZania Dubai"},"content":{"rendered":"<p>KidZania hace realidad los sue\u00f1os de sus hijos ofreci\u00e9ndoles un lugar de juego seguro, realista y educativo. En este parque cubierto, los ni\u00f1os de 4 a 16 a\u00f1os pueden explorar m\u00e1s de 80 actividades de juegos de rol basados en experiencias reales. Desde bombero a banquero, pasando por m\u00e9dico o locutor de radio, pueden descubrir el mundo laboral de una forma divertida. Este parque interior recrea una ciudad a escala infantil, con edificios, calles adoquinadas, veh\u00edculos y establecimientos famosos, ofreciendo una experiencia realista y divertida. <\/p>\n","protected":false},"excerpt":{"rendered":"<p>Descubra el mundo educativo y divertido de KidZania Dubai. Ofrezca a sus hijos, de 4 a 16 a\u00f1os, m\u00e1s de 80 actividades de rol. Horas de diversi\u00f3n y aprendizaje en un entorno seguro en Dubai.  <\/p>\n","protected":false},"featured_media":7059,"comment_status":"open","ping_status":"closed","template":"","meta":{"_acf_changed":false},"product_brand":[],"product_cat":[167,187],"product_tag":[],"class_list":{"0":"post-8050","1":"product","2":"type-product","3":"status-publish","4":"has-post-thumbnail","6":"product_cat-actividades-familiares","7":"product_cat-entradas","9":"first","10":"instock","11":"shipping-taxable","12":"purchasable","13":"product-type-simple"},"acf":[],"_links":{"self":[{"href":"https:\/\/bleudubai.com\/es\/wp-json\/wp\/v2\/product\/8050","targetHints":{"allow":["GET"]}}],"collection":[{"href":"https:\/\/bleudubai.com\/es\/wp-json\/wp\/v2\/product"}],"about":[{"href":"https:\/\/bleudubai.com\/es\/wp-json\/wp\/v2\/types\/product"}],"replies":[{"embeddable":true,"href":"https:\/\/bleudubai.com\/es\/wp-json\/wp\/v2\/comments?post=8050"}],"wp:featuredmedia":[{"embeddable":true,"href":"https:\/\/bleudubai.com\/es\/wp-json\/wp\/v2\/media\/7059"}],"wp:attachment":[{"href":"https:\/\/bleudubai.com\/es\/wp-json\/wp\/v2\/media?parent=8050"}],"wp:term":[{"taxonomy":"product_brand","embeddable":true,"href":"https:\/\/bleudubai.com\/es\/wp-json\/wp\/v2\/product_brand?post=8050"},{"taxonomy":"product_cat","embeddable":true,"href":"https:\/\/bleudubai.com\/es\/wp-json\/wp\/v2\/product_cat?post=8050"},{"taxonomy":"product_tag","embeddable":true,"href":"https:\/\/bleudubai.com\/es\/wp-json\/wp\/v2\/product_tag?post=8050"}],"curies":[{"name":"wp","href":"https:\/\/api.w.org\/{rel}","templated":true}]}}