{"id":8054,"date":"2024-09-01T19:39:39","date_gmt":"2024-09-01T19:39:39","guid":{"rendered":"https:\/\/bleudubai.com\/product\/observatorio-sky-views-con-paseo-maritimo-y-tobogan-de-cristal\/"},"modified":"2026-04-02T14:02:44","modified_gmt":"2026-04-02T10:02:44","slug":"observatorio-sky-views-con-paseo-maritimo-y-tobogan-de-cristal","status":"publish","type":"product","link":"https:\/\/bleudubai.com\/es\/producto\/observatorio-sky-views-con-paseo-maritimo-y-tobogan-de-cristal\/","title":{"rendered":"Observatorio Sky Views con Paseo Mar\u00edtimo y Tobog\u00e1n de Cristal"},"content":{"rendered":"<p>Descubra dos de las atracciones m\u00e1s emblem\u00e1ticas de Dubai en un solo d\u00eda con esta entrada combinada. Explore el Acuario de Dubai y el Observatorio del Burj Khalifa en una sola visita. Suba a la cima del Burj Khalifa con entrada reservada, que ofrece espectaculares vistas panor\u00e1micas e informaci\u00f3n sobre la arquitectura de este ic\u00f3nico rascacielos. A continuaci\u00f3n, entre en el acuario suspendido m\u00e1s grande del mundo para admirar una gran variedad de animales acu\u00e1ticos, desde cocodrilos hasta tiburones toro. Explore tres ecosistemas diferentes en los t\u00faneles submarinos. <\/p>\n","protected":false},"excerpt":{"rendered":"<p>Descubra Dubai con la entrada Sky Views: paseo mar\u00edtimo, tobog\u00e1n de cristal y vistas espectaculares desde el observatorio.<\/p>\n","protected":false},"featured_media":6999,"comment_status":"open","ping_status":"closed","template":"","meta":{"_acf_changed":false},"product_brand":[],"product_cat":[192,207,187],"product_tag":[],"class_list":{"0":"post-8054","1":"product","2":"type-product","3":"status-publish","4":"has-post-thumbnail","6":"product_cat-city-pass-es","7":"product_cat-deporte-y-adrenalina","8":"product_cat-entradas","10":"first","11":"instock","12":"shipping-taxable","13":"purchasable","14":"product-type-simple"},"acf":[],"_links":{"self":[{"href":"https:\/\/bleudubai.com\/es\/wp-json\/wp\/v2\/product\/8054","targetHints":{"allow":["GET"]}}],"collection":[{"href":"https:\/\/bleudubai.com\/es\/wp-json\/wp\/v2\/product"}],"about":[{"href":"https:\/\/bleudubai.com\/es\/wp-json\/wp\/v2\/types\/product"}],"replies":[{"embeddable":true,"href":"https:\/\/bleudubai.com\/es\/wp-json\/wp\/v2\/comments?post=8054"}],"wp:featuredmedia":[{"embeddable":true,"href":"https:\/\/bleudubai.com\/es\/wp-json\/wp\/v2\/media\/6999"}],"wp:attachment":[{"href":"https:\/\/bleudubai.com\/es\/wp-json\/wp\/v2\/media?parent=8054"}],"wp:term":[{"taxonomy":"product_brand","embeddable":true,"href":"https:\/\/bleudubai.com\/es\/wp-json\/wp\/v2\/product_brand?post=8054"},{"taxonomy":"product_cat","embeddable":true,"href":"https:\/\/bleudubai.com\/es\/wp-json\/wp\/v2\/product_cat?post=8054"},{"taxonomy":"product_tag","embeddable":true,"href":"https:\/\/bleudubai.com\/es\/wp-json\/wp\/v2\/product_tag?post=8054"}],"curies":[{"name":"wp","href":"https:\/\/api.w.org\/{rel}","templated":true}]}}