{"id":8060,"date":"2024-09-01T19:39:17","date_gmt":"2024-09-01T15:39:17","guid":{"rendered":"https:\/\/bleudubai.com\/product\/descubra-el-louvre-de-abu-dhabi-entradas\/"},"modified":"2024-11-13T07:50:41","modified_gmt":"2024-11-13T07:50:41","slug":"descubra-el-louvre-de-abu-dhabi-entradas","status":"publish","type":"product","link":"https:\/\/bleudubai.com\/es\/producto\/descubra-el-louvre-de-abu-dhabi-entradas\/","title":{"rendered":"Descubra el Louvre de Abu Dhabi: Entradas"},"content":{"rendered":"<p>Descubra una vasta colecci\u00f3n de obras de arte de maestros de todo el mundo. Admire obras cl\u00e1sicas y modernas que tienden puentes entre el arte occidental y el oriental. Explore uno de los mayores museos de la regi\u00f3n del Golfo y marav\u00edllese ante su emblem\u00e1tica arquitectura y su impresionante c\u00fapula. Su dise\u00f1o \u00fanico, que recuerda a las hojas de palmera, crea una atm\u00f3sfera encantadora mientras pasea por sus soleadas pasarelas. Sum\u00e9rjase en la inmensa colecci\u00f3n del museo y descubra una diversidad de obras de arte procedentes de todo el mundo. Explore los v\u00ednculos entre Oriente y Occidente. Acceda a la colecci\u00f3n permanente, a las exposiciones especiales y al museo infantil. Admire objetos antiguos y obras maestras de artistas como Manet. Despu\u00e9s de recorrer las galer\u00edas, t\u00f3mese un merecido descanso en uno de los espacios p\u00fablicos del museo. <\/p>\n","protected":false},"excerpt":{"rendered":"<p>Explore el Louvre de Abu Dhabi y sum\u00e9rjase en colecciones de obras y artefactos de diferentes culturas y civilizaciones. Admira la arquitectura \u00fanica de este emblem\u00e1tico edificio y d\u00e9jate cautivar por sus espacios p\u00fablicos. <\/p>\n","protected":false},"featured_media":6909,"comment_status":"open","ping_status":"closed","template":"","meta":{"_acf_changed":false},"product_brand":[],"product_cat":[177,167,192,187],"product_tag":[],"class_list":{"0":"post-8060","1":"product","2":"type-product","3":"status-publish","4":"has-post-thumbnail","6":"product_cat-actividades-en-abu-dhabi","7":"product_cat-actividades-familiares","8":"product_cat-city-pass-es","9":"product_cat-entradas","11":"first","12":"instock","13":"shipping-taxable","14":"purchasable","15":"product-type-simple"},"acf":[],"_links":{"self":[{"href":"https:\/\/bleudubai.com\/es\/wp-json\/wp\/v2\/product\/8060","targetHints":{"allow":["GET"]}}],"collection":[{"href":"https:\/\/bleudubai.com\/es\/wp-json\/wp\/v2\/product"}],"about":[{"href":"https:\/\/bleudubai.com\/es\/wp-json\/wp\/v2\/types\/product"}],"replies":[{"embeddable":true,"href":"https:\/\/bleudubai.com\/es\/wp-json\/wp\/v2\/comments?post=8060"}],"wp:featuredmedia":[{"embeddable":true,"href":"https:\/\/bleudubai.com\/es\/wp-json\/wp\/v2\/media\/6909"}],"wp:attachment":[{"href":"https:\/\/bleudubai.com\/es\/wp-json\/wp\/v2\/media?parent=8060"}],"wp:term":[{"taxonomy":"product_brand","embeddable":true,"href":"https:\/\/bleudubai.com\/es\/wp-json\/wp\/v2\/product_brand?post=8060"},{"taxonomy":"product_cat","embeddable":true,"href":"https:\/\/bleudubai.com\/es\/wp-json\/wp\/v2\/product_cat?post=8060"},{"taxonomy":"product_tag","embeddable":true,"href":"https:\/\/bleudubai.com\/es\/wp-json\/wp\/v2\/product_tag?post=8060"}],"curies":[{"name":"wp","href":"https:\/\/api.w.org\/{rel}","templated":true}]}}