{"id":8061,"date":"2024-09-01T19:38:56","date_gmt":"2024-09-01T19:38:56","guid":{"rendered":"https:\/\/bleudubai.com\/product\/desde-dubai-visita-a-la-gran-mezquita-y-al-louvre-abu-dhabi\/"},"modified":"2025-10-08T02:38:24","modified_gmt":"2025-10-07T22:38:24","slug":"desde-dubai-visita-a-la-gran-mezquita-y-al-louvre-abu-dhabi","status":"publish","type":"product","link":"https:\/\/bleudubai.com\/es\/producto\/desde-dubai-visita-a-la-gran-mezquita-y-al-louvre-abu-dhabi\/","title":{"rendered":"Desde Dubai: Visita a la Gran Mezquita y al Louvre Abu Dhabi"},"content":{"rendered":"<p>Realice una excursi\u00f3n de un d\u00eda desde Dubai para descubrir dos de los lugares imprescindibles de los Emiratos \u00c1rabes Unidos. Admire las maravillas arquitect\u00f3nicas y art\u00edsticas, antiguas y modernas, en esta emocionante excursi\u00f3n. Tras ser recogido en su alojamiento, p\u00f3ngase c\u00f3modo y disfrute del trayecto hasta la mezquita. A su llegada, marav\u00edllese ante su reluciente exterior cubierto de azulejos blancos griegos y macedonios. Una vez dentro, descubra en una visita guiada la mayor alfombra tejida a mano del mundo, impresionantes l\u00e1mparas de cristal y paneles de vidrio con incrustaciones de miles de cristales de Swarovski. Despu\u00e9s, dir\u00edjase a la isla de Saadiyat para visitar el Museo Louvre Abu Dhabi. Explore este museo, el mayor de la regi\u00f3n del Golfo, que alberga obras cl\u00e1sicas y modernas de importancia cultural y sociol\u00f3gica mundial. Admire obras maestras de prestigiosos museos franceses como el Louvre, el Centro Pompidou y el Museo de Orsay. T\u00f3mese su tiempo para visitar el Museo de los Ni\u00f1os, relajarse en un caf\u00e9 o curiosear en la tienda. Una vez terminada la visita, disfrute del trayecto de vuelta a su hotel en Dubai.<\/p>\n","protected":false},"excerpt":{"rendered":"<p>Descubra dos joyas de los Emiratos \u00c1rabes Unidos en un recorrido inolvidable: el Museo Louvre Abu Dhabi y la magn\u00edfica Mezquita Sheikh Zayed. Reserve ahora y sum\u00e9rjase en el fascinante arte y la arquitectura de esta regi\u00f3n. <\/p>\n","protected":false},"featured_media":6894,"comment_status":"open","ping_status":"closed","template":"","meta":{"_acf_changed":false},"product_brand":[],"product_cat":[177,167,172,197],"product_tag":[],"class_list":{"0":"post-8061","1":"product","2":"type-product","3":"status-publish","4":"has-post-thumbnail","6":"product_cat-actividades-en-abu-dhabi","7":"product_cat-actividades-familiares","8":"product_cat-actividades-imprescindibles","9":"product_cat-los-imprescindibles","11":"first","12":"instock","13":"featured","14":"shipping-taxable","15":"purchasable","16":"product-type-simple"},"acf":[],"_links":{"self":[{"href":"https:\/\/bleudubai.com\/es\/wp-json\/wp\/v2\/product\/8061","targetHints":{"allow":["GET"]}}],"collection":[{"href":"https:\/\/bleudubai.com\/es\/wp-json\/wp\/v2\/product"}],"about":[{"href":"https:\/\/bleudubai.com\/es\/wp-json\/wp\/v2\/types\/product"}],"replies":[{"embeddable":true,"href":"https:\/\/bleudubai.com\/es\/wp-json\/wp\/v2\/comments?post=8061"}],"wp:featuredmedia":[{"embeddable":true,"href":"https:\/\/bleudubai.com\/es\/wp-json\/wp\/v2\/media\/6894"}],"wp:attachment":[{"href":"https:\/\/bleudubai.com\/es\/wp-json\/wp\/v2\/media?parent=8061"}],"wp:term":[{"taxonomy":"product_brand","embeddable":true,"href":"https:\/\/bleudubai.com\/es\/wp-json\/wp\/v2\/product_brand?post=8061"},{"taxonomy":"product_cat","embeddable":true,"href":"https:\/\/bleudubai.com\/es\/wp-json\/wp\/v2\/product_cat?post=8061"},{"taxonomy":"product_tag","embeddable":true,"href":"https:\/\/bleudubai.com\/es\/wp-json\/wp\/v2\/product_tag?post=8061"}],"curies":[{"name":"wp","href":"https:\/\/api.w.org\/{rel}","templated":true}]}}