{"id":8062,"date":"2024-09-01T19:38:56","date_gmt":"2024-09-01T15:38:56","guid":{"rendered":"https:\/\/bleudubai.com\/product\/safari-por-el-desierto-de-dubai-camello-sandboard-y-cena-barbacoa\/"},"modified":"2025-10-01T18:27:21","modified_gmt":"2025-10-01T14:27:21","slug":"safari-por-el-desierto-de-dubai-camello-sandboard-y-cena-barbacoa","status":"publish","type":"product","link":"https:\/\/bleudubai.com\/es\/producto\/safari-por-el-desierto-de-dubai-camello-sandboard-y-cena-barbacoa\/","title":{"rendered":"Safari por el desierto de Dubai, camello, sandboard y cena barbacoa"},"content":{"rendered":"<p>Tras ser recogido en su hotel en un veh\u00edculo todoterreno, se adentrar\u00e1 en el desierto, a s\u00f3lo 45 minutos de Dubai, acompa\u00f1ado por un experimentado gu\u00eda local. A su llegada al campamento del desierto de Lahbab, le dar\u00e1n una c\u00e1lida bienvenida en una tienda con aire acondicionado donde podr\u00e1 relajarse y disfrutar de un refrigerio. A continuaci\u00f3n, prep\u00e1rese para una emocionante experiencia mientras conduce un veh\u00edculo todo terreno por las dunas. Tambi\u00e9n visitar\u00e1 una granja de camellos enclavada en el coraz\u00f3n del desierto. Deje que fluya la adrenalina mientras domina las dunas rojas, admirando el modo en que su veh\u00edculo se abre paso por el escarpado paisaje y rueda por las empinadas laderas. Una vez finalizado el rally de dunas, tendr\u00e1 la oportunidad de probar el sandboard o simplemente disfrutar del paisaje des\u00e9rtico que le rodea. No olvide inmortalizar este horizonte \u00fanico e infinito sacando unas fotos inolvidables. Despu\u00e9s, t\u00f3mese un descanso en las dunas rojas y disfrute de un tranquilo paseo en camello por el coraz\u00f3n del desierto. Para rematar este d\u00eda memorable, rel\u00e1jese en un campamento tradicional donde disfrutar\u00e1 de una deliciosa cena internacional a la barbacoa y de varios emocionantes espect\u00e1culos emirat\u00edes. Por \u00faltimo, su gu\u00eda le llevar\u00e1 de vuelta a su hotel en Dubai, dej\u00e1ndole recuerdos imborrables de esta emocionante experiencia.<\/p>\n","protected":false},"excerpt":{"rendered":"<p>Explore el desierto de Dubai en un safari \u00fanico con un paseo en camello al atardecer. Descubra sensacionales deportes del desierto como el sandboard y el rally de dunas. <\/p>\n","protected":false},"featured_media":6879,"comment_status":"open","ping_status":"closed","template":"","meta":{"_acf_changed":false},"product_brand":[],"product_cat":[152,162,167,172,197],"product_tag":[],"class_list":{"0":"post-8062","1":"product","2":"type-product","3":"status-publish","4":"has-post-thumbnail","6":"product_cat-actividades-combinadas","7":"product_cat-actividades-en-el-desierto","8":"product_cat-actividades-familiares","9":"product_cat-actividades-imprescindibles","10":"product_cat-los-imprescindibles","12":"first","13":"instock","14":"featured","15":"shipping-taxable","16":"purchasable","17":"product-type-simple"},"acf":[],"_links":{"self":[{"href":"https:\/\/bleudubai.com\/es\/wp-json\/wp\/v2\/product\/8062","targetHints":{"allow":["GET"]}}],"collection":[{"href":"https:\/\/bleudubai.com\/es\/wp-json\/wp\/v2\/product"}],"about":[{"href":"https:\/\/bleudubai.com\/es\/wp-json\/wp\/v2\/types\/product"}],"replies":[{"embeddable":true,"href":"https:\/\/bleudubai.com\/es\/wp-json\/wp\/v2\/comments?post=8062"}],"wp:featuredmedia":[{"embeddable":true,"href":"https:\/\/bleudubai.com\/es\/wp-json\/wp\/v2\/media\/6879"}],"wp:attachment":[{"href":"https:\/\/bleudubai.com\/es\/wp-json\/wp\/v2\/media?parent=8062"}],"wp:term":[{"taxonomy":"product_brand","embeddable":true,"href":"https:\/\/bleudubai.com\/es\/wp-json\/wp\/v2\/product_brand?post=8062"},{"taxonomy":"product_cat","embeddable":true,"href":"https:\/\/bleudubai.com\/es\/wp-json\/wp\/v2\/product_cat?post=8062"},{"taxonomy":"product_tag","embeddable":true,"href":"https:\/\/bleudubai.com\/es\/wp-json\/wp\/v2\/product_tag?post=8062"}],"curies":[{"name":"wp","href":"https:\/\/api.w.org\/{rel}","templated":true}]}}