{"id":8063,"date":"2024-09-01T19:37:29","date_gmt":"2024-09-01T15:37:29","guid":{"rendered":"https:\/\/bleudubai.com\/product\/paseo-en-globo-al-amanecer-con-desayuno\/"},"modified":"2024-11-13T08:31:46","modified_gmt":"2024-11-13T08:31:46","slug":"paseo-en-globo-al-amanecer-con-desayuno","status":"publish","type":"product","link":"https:\/\/bleudubai.com\/es\/producto\/paseo-en-globo-al-amanecer-con-desayuno\/","title":{"rendered":"Paseo en globo al amanecer con desayuno"},"content":{"rendered":"<p>Contemple el desierto de Arabia desde las alturas en un emocionante vuelo en globo aerost\u00e1tico desde Dubai. Salga de su hotel y dir\u00edjase al lugar de aterrizaje para contemplar el amanecer sobre las dunas. Conozca a un halc\u00f3n peregrino y disfrute de un desayuno gourmet. Su aventura en globo comienza con la recogida a primera hora de la ma\u00f1ana en su hotel. Despegue antes del amanecer en la Reserva Natural del Desierto de Dubai para realizar un vuelo de una hora sobre el desierto de Arabia. Mientras las dunas se ti\u00f1en de rojizo, no pierda de vista los camellos, las gacelas, los oasis, las plantaciones de d\u00e1tiles o simplemente admire las fugaces sombras sobre las ondulantes colinas. Si tiene suerte, incluso podr\u00e1 ver al emblem\u00e1tico oryx en su h\u00e1bitat natural. De vuelta a tierra firme, le llevar\u00e1n a una reserva natural equipada con aseos individuales y limpios para que pueda refrescarse. T\u00f3mese una foto de recuerdo con un halc\u00f3n peregrino y disfrute de un delicioso desayuno a base de salm\u00f3n ahumado, fruta y otros manjares. Por \u00faltimo, le llevar\u00e1n de vuelta a su hotel con recuerdos inolvidables en la mente.<\/p>\n","protected":false},"excerpt":{"rendered":"<p>Sobrevuele el coraz\u00f3n del desierto de Arabia en un paseo en globo aerost\u00e1tico y disfrute de un delicioso desayuno en un aut\u00e9ntico campamento. Capture momentos \u00fanicos con un halc\u00f3n y preste atenci\u00f3n a la fauna y a los encantadores paisajes. <\/p>\n","protected":false},"featured_media":6489,"comment_status":"open","ping_status":"closed","template":"","meta":{"_acf_changed":false},"product_brand":[],"product_cat":[152,157,162,172,197],"product_tag":[],"class_list":{"0":"post-8063","1":"product","2":"type-product","3":"status-publish","4":"has-post-thumbnail","6":"product_cat-actividades-combinadas","7":"product_cat-actividades-en-el-aire","8":"product_cat-actividades-en-el-desierto","9":"product_cat-actividades-imprescindibles","10":"product_cat-los-imprescindibles","12":"first","13":"instock","14":"shipping-taxable","15":"purchasable","16":"product-type-simple"},"acf":[],"_links":{"self":[{"href":"https:\/\/bleudubai.com\/es\/wp-json\/wp\/v2\/product\/8063","targetHints":{"allow":["GET"]}}],"collection":[{"href":"https:\/\/bleudubai.com\/es\/wp-json\/wp\/v2\/product"}],"about":[{"href":"https:\/\/bleudubai.com\/es\/wp-json\/wp\/v2\/types\/product"}],"replies":[{"embeddable":true,"href":"https:\/\/bleudubai.com\/es\/wp-json\/wp\/v2\/comments?post=8063"}],"wp:featuredmedia":[{"embeddable":true,"href":"https:\/\/bleudubai.com\/es\/wp-json\/wp\/v2\/media\/6489"}],"wp:attachment":[{"href":"https:\/\/bleudubai.com\/es\/wp-json\/wp\/v2\/media?parent=8063"}],"wp:term":[{"taxonomy":"product_brand","embeddable":true,"href":"https:\/\/bleudubai.com\/es\/wp-json\/wp\/v2\/product_brand?post=8063"},{"taxonomy":"product_cat","embeddable":true,"href":"https:\/\/bleudubai.com\/es\/wp-json\/wp\/v2\/product_cat?post=8063"},{"taxonomy":"product_tag","embeddable":true,"href":"https:\/\/bleudubai.com\/es\/wp-json\/wp\/v2\/product_tag?post=8063"}],"curies":[{"name":"wp","href":"https:\/\/api.w.org\/{rel}","templated":true}]}}