{"id":8064,"date":"2024-09-01T19:37:29","date_gmt":"2024-09-01T15:37:29","guid":{"rendered":"https:\/\/bleudubai.com\/product\/salto-en-paracaidas-sobre-palm-jumeirah\/"},"modified":"2026-04-02T10:09:52","modified_gmt":"2026-04-02T06:09:52","slug":"salto-en-paracaidas-sobre-palm-jumeirah","status":"publish","type":"product","link":"https:\/\/bleudubai.com\/es\/producto\/salto-en-paracaidas-sobre-palm-jumeirah\/","title":{"rendered":"Salto en paraca\u00eddas sobre Palm Jumeirah"},"content":{"rendered":"<p>Sum\u00e9rjase en la emoci\u00f3n de la ca\u00edda libre a casi 200 km\/h mientras est\u00e1 firmemente sujeto a su instructor profesional por un arn\u00e9s. \u00danase a nuestro amable equipo en el punto de encuentro, donde recibir\u00e1 una c\u00e1lida bienvenida. Aproximadamente una hora antes de la salida, conocer\u00e1 a su instructor, que le explicar\u00e1 los procedimientos, las instrucciones de seguridad y las mejores posiciones para la ca\u00edda libre. P\u00f3ngase el arn\u00e9s, que ser\u00e1 revisado por el instructor para garantizar su seguridad durante toda la aventura en t\u00e1ndem. Un paracaidista equipado con una c\u00e1mara le acompa\u00f1ar\u00e1 para inmortalizar esta experiencia inolvidable. Tras 20 minutos de ascenso en la avioneta, eng\u00e1nchese a la parte delantera de su instructor cualificado y realice las \u00faltimas comprobaciones antes de saltar de la avioneta a 4.000 metros de altura. Disfrute de casi un minuto de intensa ca\u00edda libre antes de que el paraca\u00eddas se abra a unos 1.800 metros. A continuaci\u00f3n, descender\u00e1 en paraca\u00eddas durante 4-5 minutos, disfrutando de impresionantes vistas panor\u00e1micas de las dunas de arena del desierto y de la emblem\u00e1tica isla de Palm Jumeirah.<br \/>\nTras un suave aterrizaje, tendr\u00e1 la oportunidad de grabar sus reacciones cargadas de adrenalina con el c\u00e1mara paracaidista antes de regresar al edificio principal. Capture todos los momentos excepcionales de su salto con las fotos y v\u00eddeos digitales editados profesionalmente que se incluyen en su paquete. Dedique entre 3 y 4 horas a esta experiencia completa. Durante el salto, sus amigos y familiares podr\u00e1n observarlo desde el suelo y disfrutar de bebidas y aperitivos en la cafeter\u00eda del recinto.<\/p>\n","protected":false},"excerpt":{"rendered":"<p>\u00bfEst\u00e1 listo para conquistar los cielos? Contemple Dubai desde un nuevo \u00e1ngulo con un salto en paraca\u00eddas biplaza desde la Palmera. D\u00e9jate caer a 200 km\/h y disfruta de unas vistas espectaculares.  <\/p>\n","protected":false},"featured_media":6474,"comment_status":"open","ping_status":"closed","template":"","meta":{"_acf_changed":false},"product_brand":[],"product_cat":[157,172,207,197],"product_tag":[],"class_list":{"0":"post-8064","1":"product","2":"type-product","3":"status-publish","4":"has-post-thumbnail","6":"product_cat-actividades-en-el-aire","7":"product_cat-actividades-imprescindibles","8":"product_cat-deporte-y-adrenalina","9":"product_cat-los-imprescindibles","11":"first","12":"instock","13":"shipping-taxable","14":"purchasable","15":"product-type-simple"},"acf":[],"_links":{"self":[{"href":"https:\/\/bleudubai.com\/es\/wp-json\/wp\/v2\/product\/8064","targetHints":{"allow":["GET"]}}],"collection":[{"href":"https:\/\/bleudubai.com\/es\/wp-json\/wp\/v2\/product"}],"about":[{"href":"https:\/\/bleudubai.com\/es\/wp-json\/wp\/v2\/types\/product"}],"replies":[{"embeddable":true,"href":"https:\/\/bleudubai.com\/es\/wp-json\/wp\/v2\/comments?post=8064"}],"wp:featuredmedia":[{"embeddable":true,"href":"https:\/\/bleudubai.com\/es\/wp-json\/wp\/v2\/media\/6474"}],"wp:attachment":[{"href":"https:\/\/bleudubai.com\/es\/wp-json\/wp\/v2\/media?parent=8064"}],"wp:term":[{"taxonomy":"product_brand","embeddable":true,"href":"https:\/\/bleudubai.com\/es\/wp-json\/wp\/v2\/product_brand?post=8064"},{"taxonomy":"product_cat","embeddable":true,"href":"https:\/\/bleudubai.com\/es\/wp-json\/wp\/v2\/product_cat?post=8064"},{"taxonomy":"product_tag","embeddable":true,"href":"https:\/\/bleudubai.com\/es\/wp-json\/wp\/v2\/product_tag?post=8064"}],"curies":[{"name":"wp","href":"https:\/\/api.w.org\/{rel}","templated":true}]}}