{"id":8065,"date":"2024-09-01T19:37:28","date_gmt":"2024-09-01T19:37:28","guid":{"rendered":"https:\/\/bleudubai.com\/product\/entrada-a-warner-bros-world-abu-dhabi\/"},"modified":"2025-10-28T22:20:21","modified_gmt":"2025-10-28T18:20:21","slug":"entrada-a-warner-bros-world-abu-dhabi","status":"publish","type":"product","link":"https:\/\/bleudubai.com\/es\/producto\/entrada-a-warner-bros-world-abu-dhabi\/","title":{"rendered":"Entrada a Warner Bros. World Abu Dhabi"},"content":{"rendered":"<p>En cuanto atravieses el famoso escudo de Warner Bros., prep\u00e1rate para ser transportado a las tierras de tus personajes favoritos para vivir una experiencia de inmersi\u00f3n sin igual. Tanto si buscas acci\u00f3n y aventura como un poco de fantas\u00eda, Warner Bros. World Abu Dhabi es el lugar ideal. Su aventura comienza en la entrada de Warner Bros. World, donde descubrir\u00e1 la Plaza, un portal a mundos tem\u00e1ticos \u00fanicos como Bedrock, Dynamite Gulch, Cartoon Junction, Gotham City y Metropolis. Con 29 atracciones de \u00faltima generaci\u00f3n, atracciones familiares y espect\u00e1culos en directo, crear\u00e1 recuerdos para toda la vida. Conozca a sus h\u00e9roes favoritos, como Batman, Superman y Wonder Woman. Conozca a Bugs Bunny, Scooby-Doo, Tom y Jerry y la familia Picapiedra. Cene en restaurantes tem\u00e1ticos y explore las numerosas tiendas que venden art\u00edculos exclusivos.<\/p>\n","protected":false},"excerpt":{"rendered":"<p>Bienvenido a Warner Bros. World Abu Dhabi, el primer parque tem\u00e1tico dedicado al mundo de Warner Bros. Descubra emocionantes atracciones, paseos tem\u00e1ticos y conozca a sus personajes favoritos de Warner Bros.  <\/p>\n","protected":false},"featured_media":6324,"comment_status":"open","ping_status":"closed","template":"","meta":{"_acf_changed":false},"product_brand":[],"product_cat":[177,167,202],"product_tag":[],"class_list":{"0":"post-8065","1":"product","2":"type-product","3":"status-publish","4":"has-post-thumbnail","6":"product_cat-actividades-en-abu-dhabi","7":"product_cat-actividades-familiares","8":"product_cat-parques-de-atracciones","10":"first","11":"instock","12":"shipping-taxable","13":"purchasable","14":"product-type-simple"},"acf":[],"_links":{"self":[{"href":"https:\/\/bleudubai.com\/es\/wp-json\/wp\/v2\/product\/8065","targetHints":{"allow":["GET"]}}],"collection":[{"href":"https:\/\/bleudubai.com\/es\/wp-json\/wp\/v2\/product"}],"about":[{"href":"https:\/\/bleudubai.com\/es\/wp-json\/wp\/v2\/types\/product"}],"replies":[{"embeddable":true,"href":"https:\/\/bleudubai.com\/es\/wp-json\/wp\/v2\/comments?post=8065"}],"wp:featuredmedia":[{"embeddable":true,"href":"https:\/\/bleudubai.com\/es\/wp-json\/wp\/v2\/media\/6324"}],"wp:attachment":[{"href":"https:\/\/bleudubai.com\/es\/wp-json\/wp\/v2\/media?parent=8065"}],"wp:term":[{"taxonomy":"product_brand","embeddable":true,"href":"https:\/\/bleudubai.com\/es\/wp-json\/wp\/v2\/product_brand?post=8065"},{"taxonomy":"product_cat","embeddable":true,"href":"https:\/\/bleudubai.com\/es\/wp-json\/wp\/v2\/product_cat?post=8065"},{"taxonomy":"product_tag","embeddable":true,"href":"https:\/\/bleudubai.com\/es\/wp-json\/wp\/v2\/product_tag?post=8065"}],"curies":[{"name":"wp","href":"https:\/\/api.w.org\/{rel}","templated":true}]}}