{"id":8066,"date":"2024-09-01T19:37:28","date_gmt":"2024-09-01T19:37:28","guid":{"rendered":"https:\/\/bleudubai.com\/product\/atlantis-dolphin-paddle-descubra-los-delfines-a-remo\/"},"modified":"2025-10-01T18:27:48","modified_gmt":"2025-10-01T14:27:48","slug":"atlantis-dolphin-paddle-descubra-los-delfines-a-remo","status":"publish","type":"product","link":"https:\/\/bleudubai.com\/es\/producto\/atlantis-dolphin-paddle-descubra-los-delfines-a-remo\/","title":{"rendered":"Atlantis Dolphin Paddle &#8211; Descubra los delfines a remo"},"content":{"rendered":"<p>Descubra una experiencia \u00fanica mientras ejercita su equilibrio durante una sesi\u00f3n de paddle boarding en la magn\u00edfica laguna de Dolphin Bay.<\/p>\n<p>Rod\u00e9ese de los curiosos, juguetones y amistosos delfines residentes.<\/p>\n<p>Remar junto a los delfines es una forma incre\u00edble de relajar la mente y el cuerpo mientras aprende sobre su fascinante comportamiento de una forma divertida y atractiva.<\/p>\n<p>No olvide capturar sus recuerdos con la foto perfecta para Instagram de Dolphin Bay.<\/p>\n","protected":false},"excerpt":{"rendered":"<p>Trabaje su equilibrio mientras explora la magn\u00edfica laguna de Dolphin Bay en una excursi\u00f3n en paddle board. Ac\u00e9rquese a los delfines residentes para vivir una experiencia inolvidable. <\/p>\n","protected":false},"featured_media":6309,"comment_status":"open","ping_status":"closed","template":"","meta":{"_acf_changed":false},"product_brand":[],"product_cat":[147,207,202],"product_tag":[],"class_list":{"0":"post-8066","1":"product","2":"type-product","3":"status-publish","4":"has-post-thumbnail","6":"product_cat-actividades-acuaticas","7":"product_cat-deporte-y-adrenalina","8":"product_cat-parques-de-atracciones","10":"first","11":"instock","12":"shipping-taxable","13":"purchasable","14":"product-type-simple"},"acf":[],"_links":{"self":[{"href":"https:\/\/bleudubai.com\/es\/wp-json\/wp\/v2\/product\/8066","targetHints":{"allow":["GET"]}}],"collection":[{"href":"https:\/\/bleudubai.com\/es\/wp-json\/wp\/v2\/product"}],"about":[{"href":"https:\/\/bleudubai.com\/es\/wp-json\/wp\/v2\/types\/product"}],"replies":[{"embeddable":true,"href":"https:\/\/bleudubai.com\/es\/wp-json\/wp\/v2\/comments?post=8066"}],"wp:featuredmedia":[{"embeddable":true,"href":"https:\/\/bleudubai.com\/es\/wp-json\/wp\/v2\/media\/6309"}],"wp:attachment":[{"href":"https:\/\/bleudubai.com\/es\/wp-json\/wp\/v2\/media?parent=8066"}],"wp:term":[{"taxonomy":"product_brand","embeddable":true,"href":"https:\/\/bleudubai.com\/es\/wp-json\/wp\/v2\/product_brand?post=8066"},{"taxonomy":"product_cat","embeddable":true,"href":"https:\/\/bleudubai.com\/es\/wp-json\/wp\/v2\/product_cat?post=8066"},{"taxonomy":"product_tag","embeddable":true,"href":"https:\/\/bleudubai.com\/es\/wp-json\/wp\/v2\/product_tag?post=8066"}],"curies":[{"name":"wp","href":"https:\/\/api.w.org\/{rel}","templated":true}]}}