{"id":8067,"date":"2024-09-01T19:37:28","date_gmt":"2024-09-01T19:37:28","guid":{"rendered":"https:\/\/bleudubai.com\/product\/kayak-con-delfines-en-atlantis-dolphin-bay\/"},"modified":"2024-11-13T08:39:14","modified_gmt":"2024-11-13T08:39:14","slug":"kayak-con-delfines-en-atlantis-dolphin-bay","status":"publish","type":"product","link":"https:\/\/bleudubai.com\/es\/producto\/kayak-con-delfines-en-atlantis-dolphin-bay\/","title":{"rendered":"Kayak con delfines en Atlantis Dolphin Bay"},"content":{"rendered":"<p>Experimente la emoci\u00f3n de navegar en kayak junto a los delfines residentes en la hermosa laguna Dolphin Bay de Atlantis.<\/p>\n<p>Rodeado de un exuberante paisaje tropical, tendr\u00e1 la oportunidad de acercarse a los curiosos delfines, que incluso podr\u00e1n acercarse a su kayak para disfrutar de un momento m\u00e1gico.<\/p>\n<p>Esta experiencia en kayak es tanto una actividad de enriquecimiento con delfines como una divertida oportunidad de aprender sobre su comportamiento de una forma inmersiva.<\/p>\n","protected":false},"excerpt":{"rendered":"<p>Sum\u00e9rjase en la aventura de navegar en kayak junto a delfines en Atlantis Dolphin Bay. Explore una magn\u00edfica laguna tropical y viva momentos inolvidables con estas majestuosas criaturas. <\/p>\n","protected":false},"featured_media":6294,"comment_status":"open","ping_status":"closed","template":"","meta":{"_acf_changed":false},"product_brand":[],"product_cat":[147,207],"product_tag":[],"class_list":{"0":"post-8067","1":"product","2":"type-product","3":"status-publish","4":"has-post-thumbnail","6":"product_cat-actividades-acuaticas","7":"product_cat-deporte-y-adrenalina","9":"first","10":"instock","11":"shipping-taxable","12":"purchasable","13":"product-type-simple"},"acf":[],"_links":{"self":[{"href":"https:\/\/bleudubai.com\/es\/wp-json\/wp\/v2\/product\/8067","targetHints":{"allow":["GET"]}}],"collection":[{"href":"https:\/\/bleudubai.com\/es\/wp-json\/wp\/v2\/product"}],"about":[{"href":"https:\/\/bleudubai.com\/es\/wp-json\/wp\/v2\/types\/product"}],"replies":[{"embeddable":true,"href":"https:\/\/bleudubai.com\/es\/wp-json\/wp\/v2\/comments?post=8067"}],"wp:featuredmedia":[{"embeddable":true,"href":"https:\/\/bleudubai.com\/es\/wp-json\/wp\/v2\/media\/6294"}],"wp:attachment":[{"href":"https:\/\/bleudubai.com\/es\/wp-json\/wp\/v2\/media?parent=8067"}],"wp:term":[{"taxonomy":"product_brand","embeddable":true,"href":"https:\/\/bleudubai.com\/es\/wp-json\/wp\/v2\/product_brand?post=8067"},{"taxonomy":"product_cat","embeddable":true,"href":"https:\/\/bleudubai.com\/es\/wp-json\/wp\/v2\/product_cat?post=8067"},{"taxonomy":"product_tag","embeddable":true,"href":"https:\/\/bleudubai.com\/es\/wp-json\/wp\/v2\/product_tag?post=8067"}],"curies":[{"name":"wp","href":"https:\/\/api.w.org\/{rel}","templated":true}]}}