{"id":8068,"date":"2024-09-01T19:37:28","date_gmt":"2024-09-01T19:37:28","guid":{"rendered":"https:\/\/bleudubai.com\/product\/delfinario-de-dubai-espectaculo-de-delfines-y-focas\/"},"modified":"2024-11-13T08:42:34","modified_gmt":"2024-11-13T08:42:34","slug":"delfinario-de-dubai-espectaculo-de-delfines-y-focas","status":"publish","type":"product","link":"https:\/\/bleudubai.com\/es\/producto\/delfinario-de-dubai-espectaculo-de-delfines-y-focas\/","title":{"rendered":"Delfinario de Dubai &#8211; Espect\u00e1culo de delfines y focas"},"content":{"rendered":"<p>Sum\u00e9rjase en el fascinante mundo de estas adorables criaturas marinas con un espect\u00e1culo interactivo de 45 minutos en el Delfinario de Dubai. Marav\u00edllese ante los incre\u00edbles talentos de los delfines y las focas mientras bailan, cantan, juegan a la pelota e incluso crean sus propias obras maestras. No se pierda el \u00fanico espect\u00e1culo de delfines y focas de Oriente Pr\u00f3ximo y cree recuerdos inolvidables con su familia y amigos. Reserve ya su plaza para esta experiencia \u00fanica e inolvidable en Dubai. <\/p>\n","protected":false},"excerpt":{"rendered":"<p>Asista a impresionantes espect\u00e1culos de delfines y focas en el Delfinario de Dubai, el lugar de entretenimiento familiar favorito de Dubai. \u00a1Descubra sus incre\u00edbles habilidades! <\/p>\n","protected":false},"featured_media":6279,"comment_status":"open","ping_status":"closed","template":"","meta":{"_acf_changed":false},"product_brand":[],"product_cat":[167,187,202],"product_tag":[],"class_list":{"0":"post-8068","1":"product","2":"type-product","3":"status-publish","4":"has-post-thumbnail","6":"product_cat-actividades-familiares","7":"product_cat-entradas","8":"product_cat-parques-de-atracciones","10":"first","11":"instock","12":"shipping-taxable","13":"purchasable","14":"product-type-simple"},"acf":[],"_links":{"self":[{"href":"https:\/\/bleudubai.com\/es\/wp-json\/wp\/v2\/product\/8068","targetHints":{"allow":["GET"]}}],"collection":[{"href":"https:\/\/bleudubai.com\/es\/wp-json\/wp\/v2\/product"}],"about":[{"href":"https:\/\/bleudubai.com\/es\/wp-json\/wp\/v2\/types\/product"}],"replies":[{"embeddable":true,"href":"https:\/\/bleudubai.com\/es\/wp-json\/wp\/v2\/comments?post=8068"}],"wp:featuredmedia":[{"embeddable":true,"href":"https:\/\/bleudubai.com\/es\/wp-json\/wp\/v2\/media\/6279"}],"wp:attachment":[{"href":"https:\/\/bleudubai.com\/es\/wp-json\/wp\/v2\/media?parent=8068"}],"wp:term":[{"taxonomy":"product_brand","embeddable":true,"href":"https:\/\/bleudubai.com\/es\/wp-json\/wp\/v2\/product_brand?post=8068"},{"taxonomy":"product_cat","embeddable":true,"href":"https:\/\/bleudubai.com\/es\/wp-json\/wp\/v2\/product_cat?post=8068"},{"taxonomy":"product_tag","embeddable":true,"href":"https:\/\/bleudubai.com\/es\/wp-json\/wp\/v2\/product_tag?post=8068"}],"curies":[{"name":"wp","href":"https:\/\/api.w.org\/{rel}","templated":true}]}}