{"id":8069,"date":"2024-09-01T19:37:28","date_gmt":"2024-09-01T19:37:28","guid":{"rendered":"https:\/\/bleudubai.com\/product\/entrada-general-a-seaworld-abu-dhabi\/"},"modified":"2024-11-13T08:44:14","modified_gmt":"2024-11-13T08:44:14","slug":"entrada-general-a-seaworld-abu-dhabi","status":"publish","type":"product","link":"https:\/\/bleudubai.com\/es\/producto\/entrada-general-a-seaworld-abu-dhabi\/","title":{"rendered":"Entrada general a SeaWorld Abu Dhabi"},"content":{"rendered":"<p>Prep\u00e1rese para una emocionante aventura en el primer parque tem\u00e1tico marino de la regi\u00f3n. SeaWorld Abu Dhabi le ofrece una experiencia \u00fanica para conocer y apreciar el oc\u00e9ano y sus habitantes. Descubra el peculiar ecosistema marino del Golfo Ar\u00e1bigo y sum\u00e9rjase en la rica cultura de la regi\u00f3n. Visite Rocky Point para ver a los adorables leones marinos en su h\u00e1bitat natural, tanto por encima como por debajo del agua. S\u00fabase a emocionantes atracciones, participe en emocionantes juegos y disfrute del entretenimiento en directo en nuestro animado parque infantil submarino. Emprenda un viaje ba\u00f1ado por el sol a trav\u00e9s de una selva tropical de cascadas danzantes y una laguna cristalina de fascinante vida marina. Contemple el helado paisaje \u00e1rtico, hogar de multitud de animales como morsas y nutrias marinas, y desaf\u00ede al fr\u00edo para explorar la regi\u00f3n m\u00e1s aislada del mundo, donde reinan los ping\u00fcinos. Marav\u00edllese ante la infinita belleza y diversidad del oc\u00e9ano en nuestro singular acuario, hogar de m\u00e1s de 68.000 animales. Profundice sus conocimientos sobre el programa de Investigaci\u00f3n y Rescate de Yas SeaWorld interactuando con nuestro equipo de expertos marinos y observando a nuestros veterinarios en el Centro de Cuidado de Animales. Una visita a SeaWorld Abu Dhabi es una experiencia memorable que combina educaci\u00f3n y conservaci\u00f3n para inspirar a nuestros visitantes a apreciar y proteger el oc\u00e9ano y sus h\u00e1bitats. <\/p>\n","protected":false},"excerpt":{"rendered":"<p>Sum\u00e9rjase en el cautivador mundo de SeaWorld Abu Dhabi, el primer parque tem\u00e1tico marino de la regi\u00f3n. Explore 8 reinos, conozca animales fascinantes y disfrute de experiencias interactivas inolvidables. <\/p>\n","protected":false},"featured_media":6264,"comment_status":"open","ping_status":"closed","template":"","meta":{"_acf_changed":false},"product_brand":[],"product_cat":[147,177,167,172,187,197],"product_tag":[],"class_list":{"0":"post-8069","1":"product","2":"type-product","3":"status-publish","4":"has-post-thumbnail","6":"product_cat-actividades-acuaticas","7":"product_cat-actividades-en-abu-dhabi","8":"product_cat-actividades-familiares","9":"product_cat-actividades-imprescindibles","10":"product_cat-entradas","11":"product_cat-los-imprescindibles","13":"first","14":"instock","15":"shipping-taxable","16":"purchasable","17":"product-type-simple"},"acf":[],"_links":{"self":[{"href":"https:\/\/bleudubai.com\/es\/wp-json\/wp\/v2\/product\/8069","targetHints":{"allow":["GET"]}}],"collection":[{"href":"https:\/\/bleudubai.com\/es\/wp-json\/wp\/v2\/product"}],"about":[{"href":"https:\/\/bleudubai.com\/es\/wp-json\/wp\/v2\/types\/product"}],"replies":[{"embeddable":true,"href":"https:\/\/bleudubai.com\/es\/wp-json\/wp\/v2\/comments?post=8069"}],"wp:featuredmedia":[{"embeddable":true,"href":"https:\/\/bleudubai.com\/es\/wp-json\/wp\/v2\/media\/6264"}],"wp:attachment":[{"href":"https:\/\/bleudubai.com\/es\/wp-json\/wp\/v2\/media?parent=8069"}],"wp:term":[{"taxonomy":"product_brand","embeddable":true,"href":"https:\/\/bleudubai.com\/es\/wp-json\/wp\/v2\/product_brand?post=8069"},{"taxonomy":"product_cat","embeddable":true,"href":"https:\/\/bleudubai.com\/es\/wp-json\/wp\/v2\/product_cat?post=8069"},{"taxonomy":"product_tag","embeddable":true,"href":"https:\/\/bleudubai.com\/es\/wp-json\/wp\/v2\/product_tag?post=8069"}],"curies":[{"name":"wp","href":"https:\/\/api.w.org\/{rel}","templated":true}]}}