{"id":8070,"date":"2024-09-01T19:37:28","date_gmt":"2024-09-01T19:37:28","guid":{"rendered":"https:\/\/bleudubai.com\/product\/espectaculo-de-aves-exoticas-en-el-delfinario-de-dubai\/"},"modified":"2024-11-13T08:45:30","modified_gmt":"2024-11-13T08:45:30","slug":"espectaculo-de-aves-exoticas-en-el-delfinario-de-dubai","status":"publish","type":"product","link":"https:\/\/bleudubai.com\/es\/producto\/espectaculo-de-aves-exoticas-en-el-delfinario-de-dubai\/","title":{"rendered":"Espect\u00e1culo de aves ex\u00f3ticas en el Delfinario de Dubai"},"content":{"rendered":"<p>Prep\u00e1rese para asombrarse con una selecci\u00f3n \u00fanica de aves ex\u00f3ticas de diferentes especies. Obs\u00e9rvelos realizar incre\u00edbles trucos que desafiar\u00e1n la teor\u00eda de que las aves no tienen cerebro. Descubra especies fascinantes como conuros de sol, loros amaz\u00f3nicos, cacat\u00faas, guacamayos azules y dorados, guacamayos de alas verdes, c\u00e1laos, tucanes, halcones y loros Eclectus. Marav\u00edllese con sus talentos y sus interacciones con el p\u00fablico durante este impresionante espect\u00e1culo.<\/p>\n","protected":false},"excerpt":{"rendered":"<p>Venga a ver el primer y \u00fanico espect\u00e1culo de aves ex\u00f3ticas de Oriente Pr\u00f3ximo en el Delfinario de Dubai. \u00a1Descubra una experiencia cautivadora en Creek Park! <\/p>\n","protected":false},"featured_media":6249,"comment_status":"open","ping_status":"closed","template":"","meta":{"_acf_changed":false},"product_brand":[],"product_cat":[167],"product_tag":[],"class_list":{"0":"post-8070","1":"product","2":"type-product","3":"status-publish","4":"has-post-thumbnail","6":"product_cat-actividades-familiares","8":"first","9":"instock","10":"shipping-taxable","11":"purchasable","12":"product-type-simple"},"acf":[],"_links":{"self":[{"href":"https:\/\/bleudubai.com\/es\/wp-json\/wp\/v2\/product\/8070","targetHints":{"allow":["GET"]}}],"collection":[{"href":"https:\/\/bleudubai.com\/es\/wp-json\/wp\/v2\/product"}],"about":[{"href":"https:\/\/bleudubai.com\/es\/wp-json\/wp\/v2\/types\/product"}],"replies":[{"embeddable":true,"href":"https:\/\/bleudubai.com\/es\/wp-json\/wp\/v2\/comments?post=8070"}],"wp:featuredmedia":[{"embeddable":true,"href":"https:\/\/bleudubai.com\/es\/wp-json\/wp\/v2\/media\/6249"}],"wp:attachment":[{"href":"https:\/\/bleudubai.com\/es\/wp-json\/wp\/v2\/media?parent=8070"}],"wp:term":[{"taxonomy":"product_brand","embeddable":true,"href":"https:\/\/bleudubai.com\/es\/wp-json\/wp\/v2\/product_brand?post=8070"},{"taxonomy":"product_cat","embeddable":true,"href":"https:\/\/bleudubai.com\/es\/wp-json\/wp\/v2\/product_cat?post=8070"},{"taxonomy":"product_tag","embeddable":true,"href":"https:\/\/bleudubai.com\/es\/wp-json\/wp\/v2\/product_tag?post=8070"}],"curies":[{"name":"wp","href":"https:\/\/api.w.org\/{rel}","templated":true}]}}