{"id":8071,"date":"2024-09-01T19:37:28","date_gmt":"2024-09-01T19:37:28","guid":{"rendered":"https:\/\/bleudubai.com\/product\/entrada-al-parque-acuatico-legoland\/"},"modified":"2024-11-13T08:47:05","modified_gmt":"2024-11-13T08:47:05","slug":"entrada-al-parque-acuatico-legoland","status":"publish","type":"product","link":"https:\/\/bleudubai.com\/es\/producto\/entrada-al-parque-acuatico-legoland\/","title":{"rendered":"Entrada al parque acu\u00e1tico Legoland"},"content":{"rendered":"<p>Sum\u00e9rgete en un mundo de aventuras LEGO\u00ae en LEGOLAND\u00ae Water Park, el \u00fanico parque acu\u00e1tico de la regi\u00f3n especialmente dise\u00f1ado para familias con ni\u00f1os de 2 a 12 a\u00f1os.<\/p>\n<p>Da rienda suelta a tu creatividad e imaginaci\u00f3n con m\u00e1s de 20 toboganes y atracciones acu\u00e1ticas con tem\u00e1tica LEGO\u00ae, como la piscina de olas LEGO\u00ae, la zona de juegos para ni\u00f1os DUPLO\u00ae y el r\u00edo Build-A-Raft, donde podr\u00e1s dise\u00f1ar y construir tu propia balsa LEGO\u00ae.<\/p>\n<p>\u00a1Te espera un d\u00eda incre\u00edble!<\/p>\n","protected":false},"excerpt":{"rendered":"<p>Reserve su entrada para el parque acu\u00e1tico Legoland, dise\u00f1ado especialmente para ni\u00f1os de 2 a 12 a\u00f1os y sus familias. Disfruta de una experiencia acu\u00e1tica \u00fanica con m\u00e1s de 20 toboganes y atracciones tem\u00e1ticas de LEGO\u00ae. <\/p>\n","protected":false},"featured_media":6234,"comment_status":"open","ping_status":"closed","template":"","meta":{"_acf_changed":false},"product_brand":[],"product_cat":[147,167],"product_tag":[],"class_list":{"0":"post-8071","1":"product","2":"type-product","3":"status-publish","4":"has-post-thumbnail","6":"product_cat-actividades-acuaticas","7":"product_cat-actividades-familiares","9":"first","10":"instock","11":"shipping-taxable","12":"purchasable","13":"product-type-simple"},"acf":[],"_links":{"self":[{"href":"https:\/\/bleudubai.com\/es\/wp-json\/wp\/v2\/product\/8071","targetHints":{"allow":["GET"]}}],"collection":[{"href":"https:\/\/bleudubai.com\/es\/wp-json\/wp\/v2\/product"}],"about":[{"href":"https:\/\/bleudubai.com\/es\/wp-json\/wp\/v2\/types\/product"}],"replies":[{"embeddable":true,"href":"https:\/\/bleudubai.com\/es\/wp-json\/wp\/v2\/comments?post=8071"}],"wp:featuredmedia":[{"embeddable":true,"href":"https:\/\/bleudubai.com\/es\/wp-json\/wp\/v2\/media\/6234"}],"wp:attachment":[{"href":"https:\/\/bleudubai.com\/es\/wp-json\/wp\/v2\/media?parent=8071"}],"wp:term":[{"taxonomy":"product_brand","embeddable":true,"href":"https:\/\/bleudubai.com\/es\/wp-json\/wp\/v2\/product_brand?post=8071"},{"taxonomy":"product_cat","embeddable":true,"href":"https:\/\/bleudubai.com\/es\/wp-json\/wp\/v2\/product_cat?post=8071"},{"taxonomy":"product_tag","embeddable":true,"href":"https:\/\/bleudubai.com\/es\/wp-json\/wp\/v2\/product_tag?post=8071"}],"curies":[{"name":"wp","href":"https:\/\/api.w.org\/{rel}","templated":true}]}}