{"id":8072,"date":"2024-09-01T19:37:28","date_gmt":"2024-09-01T19:37:28","guid":{"rendered":"https:\/\/bleudubai.com\/product\/entrada-a-yas-waterworld-abu-dhabi\/"},"modified":"2025-10-11T07:36:53","modified_gmt":"2025-10-11T03:36:53","slug":"entrada-a-yas-waterworld-abu-dhabi","status":"publish","type":"product","link":"https:\/\/bleudubai.com\/es\/producto\/entrada-a-yas-waterworld-abu-dhabi\/","title":{"rendered":"Entrada a Yas Waterworld Abu Dhabi"},"content":{"rendered":"<p>El Yas Waterworld de Abu Dhabi ofrece una experiencia acu\u00e1tica \u00fanica. Con m\u00e1s de 40 atracciones, toboganes y toboganes para todos los gustos, incluidos los legendarios Bandit Bomber y Liwa Loop, este parque refleja la historia emirat\u00ed del buceo en busca de perlas. Para evitar las colas, le aconsejamos que elija la entrada \u00abSkip the line\u00bb para aprovechar al m\u00e1ximo el d\u00eda. Tambi\u00e9n podr\u00e1 montar en la ola artificial m\u00e1s grande del mundo y descubrir el buceo con perlas. Tambi\u00e9n hay restaurantes y atracciones familiares.<\/p>\n","protected":false},"excerpt":{"rendered":"<p>Explore el mayor parque acu\u00e1tico de la regi\u00f3n, con m\u00e1s de 40 atracciones y toboganes. Sum\u00e9rjase en la historia de las perlas de los Emiratos mientras desaf\u00eda a la ola artificial m\u00e1s grande del mundo. <\/p>\n","protected":false},"featured_media":6219,"comment_status":"open","ping_status":"closed","template":"","meta":{"_acf_changed":false},"product_brand":[],"product_cat":[177,167,172,197,202],"product_tag":[],"class_list":{"0":"post-8072","1":"product","2":"type-product","3":"status-publish","4":"has-post-thumbnail","6":"product_cat-actividades-en-abu-dhabi","7":"product_cat-actividades-familiares","8":"product_cat-actividades-imprescindibles","9":"product_cat-los-imprescindibles","10":"product_cat-parques-de-atracciones","12":"first","13":"instock","14":"shipping-taxable","15":"purchasable","16":"product-type-simple"},"acf":[],"_links":{"self":[{"href":"https:\/\/bleudubai.com\/es\/wp-json\/wp\/v2\/product\/8072","targetHints":{"allow":["GET"]}}],"collection":[{"href":"https:\/\/bleudubai.com\/es\/wp-json\/wp\/v2\/product"}],"about":[{"href":"https:\/\/bleudubai.com\/es\/wp-json\/wp\/v2\/types\/product"}],"replies":[{"embeddable":true,"href":"https:\/\/bleudubai.com\/es\/wp-json\/wp\/v2\/comments?post=8072"}],"wp:featuredmedia":[{"embeddable":true,"href":"https:\/\/bleudubai.com\/es\/wp-json\/wp\/v2\/media\/6219"}],"wp:attachment":[{"href":"https:\/\/bleudubai.com\/es\/wp-json\/wp\/v2\/media?parent=8072"}],"wp:term":[{"taxonomy":"product_brand","embeddable":true,"href":"https:\/\/bleudubai.com\/es\/wp-json\/wp\/v2\/product_brand?post=8072"},{"taxonomy":"product_cat","embeddable":true,"href":"https:\/\/bleudubai.com\/es\/wp-json\/wp\/v2\/product_cat?post=8072"},{"taxonomy":"product_tag","embeddable":true,"href":"https:\/\/bleudubai.com\/es\/wp-json\/wp\/v2\/product_tag?post=8072"}],"curies":[{"name":"wp","href":"https:\/\/api.w.org\/{rel}","templated":true}]}}