{"id":8073,"date":"2024-09-01T19:37:28","date_gmt":"2024-09-01T19:37:28","guid":{"rendered":"https:\/\/bleudubai.com\/product\/encuentro-con-los-leones-marinos-en-atlantis-acceso-al-parque-acuatico-aquaventure\/"},"modified":"2025-10-01T18:26:01","modified_gmt":"2025-10-01T14:26:01","slug":"encuentro-con-los-leones-marinos-en-atlantis-acceso-al-parque-acuatico-aquaventure","status":"publish","type":"product","link":"https:\/\/bleudubai.com\/es\/producto\/encuentro-con-los-leones-marinos-en-atlantis-acceso-al-parque-acuatico-aquaventure\/","title":{"rendered":"Encuentro con los leones marinos en Atlantis + Acceso al parque acu\u00e1tico Aquaventure"},"content":{"rendered":"<p>Conozca a los leones marinos en el Parque Acu\u00e1tico Atlantis \u00a1Descubra Sea Lion Point, una actividad familiar en Dubai! Esta experiencia \u00fanica le permite conocer a los encantadores leones marinos de Aquaventure. Ac\u00e9rquese a ellos y capture el momento con una foto gratuita. Apto para todas las edades para una experiencia memorable. Conozca a las focas peleteras de Sud\u00e1frica. Ac\u00e9rquese a los encantadores leones marinos de Sud\u00e1frica en Sea Lion Point y disfrute de un momento privado mientras los saluda. Su gu\u00eda le presentar\u00e1 a una encantadora familia de leones marinos y podr\u00e1 cimentar su nueva amistad con un beso lleno de cosquillas de sus tupidos bigotes. Escuche a su gu\u00eda contar interesantes an\u00e9cdotas sobre su comportamiento y h\u00e1bitat para saber m\u00e1s sobre estos fascinantes animales.<\/p>\n","protected":false},"excerpt":{"rendered":"<p>Conozca a los leones marinos en el Parque Acu\u00e1tico Atlantis de Dubai. Una experiencia inolvidable para toda la familia. <\/p>\n","protected":false},"featured_media":6204,"comment_status":"open","ping_status":"closed","template":"","meta":{"_acf_changed":false},"product_brand":[],"product_cat":[152,202],"product_tag":[],"class_list":{"0":"post-8073","1":"product","2":"type-product","3":"status-publish","4":"has-post-thumbnail","6":"product_cat-actividades-combinadas","7":"product_cat-parques-de-atracciones","9":"first","10":"instock","11":"shipping-taxable","12":"purchasable","13":"product-type-simple"},"acf":[],"_links":{"self":[{"href":"https:\/\/bleudubai.com\/es\/wp-json\/wp\/v2\/product\/8073","targetHints":{"allow":["GET"]}}],"collection":[{"href":"https:\/\/bleudubai.com\/es\/wp-json\/wp\/v2\/product"}],"about":[{"href":"https:\/\/bleudubai.com\/es\/wp-json\/wp\/v2\/types\/product"}],"replies":[{"embeddable":true,"href":"https:\/\/bleudubai.com\/es\/wp-json\/wp\/v2\/comments?post=8073"}],"wp:featuredmedia":[{"embeddable":true,"href":"https:\/\/bleudubai.com\/es\/wp-json\/wp\/v2\/media\/6204"}],"wp:attachment":[{"href":"https:\/\/bleudubai.com\/es\/wp-json\/wp\/v2\/media?parent=8073"}],"wp:term":[{"taxonomy":"product_brand","embeddable":true,"href":"https:\/\/bleudubai.com\/es\/wp-json\/wp\/v2\/product_brand?post=8073"},{"taxonomy":"product_cat","embeddable":true,"href":"https:\/\/bleudubai.com\/es\/wp-json\/wp\/v2\/product_cat?post=8073"},{"taxonomy":"product_tag","embeddable":true,"href":"https:\/\/bleudubai.com\/es\/wp-json\/wp\/v2\/product_tag?post=8073"}],"curies":[{"name":"wp","href":"https:\/\/api.w.org\/{rel}","templated":true}]}}