{"id":8074,"date":"2024-09-01T19:37:28","date_gmt":"2024-09-01T19:37:28","guid":{"rendered":"https:\/\/bleudubai.com\/product\/experiencia-de-snorkel-en-atlantis\/"},"modified":"2024-11-13T08:52:36","modified_gmt":"2024-11-13T08:52:36","slug":"experiencia-de-snorkel-en-atlantis","status":"publish","type":"product","link":"https:\/\/bleudubai.com\/es\/producto\/experiencia-de-snorkel-en-atlantis\/","title":{"rendered":"Experiencia de snorkel en Atlantis"},"content":{"rendered":"<p>Practique snorkel en la laguna Ambassador de Atlantis Explore el mundo submarino de Dubai con nuestra experiencia de snorkel en el Parque Acu\u00e1tico Atlantis. Descubra la singular vida marina de la laguna Ambassador, decorada con el tema de Atlantis, donde podr\u00e1 rodearse de m\u00e1s de 65.000 coloridos animales marinos. Esta experiencia es perfecta para familias con ni\u00f1os a partir de 6 a\u00f1os, incluso para los no nadadores.<\/p>\n","protected":false},"excerpt":{"rendered":"<p>Sum\u00e9rjase en el Ambassador Lagoon, un acuario tem\u00e1tico de la Atl\u00e1ntida, y descubra m\u00e1s de 65.000 coloridos animales marinos. Una experiencia inolvidable para toda la familia, incluso para los no nadadores. <\/p>\n","protected":false},"featured_media":6189,"comment_status":"open","ping_status":"closed","template":"","meta":{"_acf_changed":false},"product_brand":[],"product_cat":[147,152,167,187,202],"product_tag":[],"class_list":{"0":"post-8074","1":"product","2":"type-product","3":"status-publish","4":"has-post-thumbnail","6":"product_cat-actividades-acuaticas","7":"product_cat-actividades-combinadas","8":"product_cat-actividades-familiares","9":"product_cat-entradas","10":"product_cat-parques-de-atracciones","12":"first","13":"instock","14":"shipping-taxable","15":"purchasable","16":"product-type-simple"},"acf":[],"_links":{"self":[{"href":"https:\/\/bleudubai.com\/es\/wp-json\/wp\/v2\/product\/8074","targetHints":{"allow":["GET"]}}],"collection":[{"href":"https:\/\/bleudubai.com\/es\/wp-json\/wp\/v2\/product"}],"about":[{"href":"https:\/\/bleudubai.com\/es\/wp-json\/wp\/v2\/types\/product"}],"replies":[{"embeddable":true,"href":"https:\/\/bleudubai.com\/es\/wp-json\/wp\/v2\/comments?post=8074"}],"wp:featuredmedia":[{"embeddable":true,"href":"https:\/\/bleudubai.com\/es\/wp-json\/wp\/v2\/media\/6189"}],"wp:attachment":[{"href":"https:\/\/bleudubai.com\/es\/wp-json\/wp\/v2\/media?parent=8074"}],"wp:term":[{"taxonomy":"product_brand","embeddable":true,"href":"https:\/\/bleudubai.com\/es\/wp-json\/wp\/v2\/product_brand?post=8074"},{"taxonomy":"product_cat","embeddable":true,"href":"https:\/\/bleudubai.com\/es\/wp-json\/wp\/v2\/product_cat?post=8074"},{"taxonomy":"product_tag","embeddable":true,"href":"https:\/\/bleudubai.com\/es\/wp-json\/wp\/v2\/product_tag?post=8074"}],"curies":[{"name":"wp","href":"https:\/\/api.w.org\/{rel}","templated":true}]}}