{"id":8075,"date":"2024-09-01T19:37:28","date_gmt":"2024-09-01T19:37:28","guid":{"rendered":"https:\/\/bleudubai.com\/product\/buceo-con-tiburones-con-acceso-al-parque-aquaventure\/"},"modified":"2025-06-03T04:38:36","modified_gmt":"2025-06-03T00:38:36","slug":"buceo-con-tiburones-con-acceso-al-parque-aquaventure","status":"publish","type":"product","link":"https:\/\/bleudubai.com\/es\/producto\/buceo-con-tiburones-con-acceso-al-parque-aquaventure\/","title":{"rendered":"Buceo con tiburones con acceso al parque Aquaventure"},"content":{"rendered":"<p>Practique snorkel con tiburones en el Parque Acu\u00e1tico Atlantis Explore las profundas aguas de la Laguna de los Tiburones de Aquaventure y nade con fascinantes tiburones y otros asombrosos animales marinos con nuestra oferta especial. Acceda al parque acu\u00e1tico m\u00e1s grande del mundo y disfrute de una experiencia inolvidable con su familia y amigos. Antes de embarcarse en su aventura, nuestro equipo de expertos le ofrecer\u00e1 una sesi\u00f3n informativa educativa sobre los tiburones y su h\u00e1bitat natural. Aprender\u00e1 a comprender mejor a estas majestuosas criaturas y a apreciar su papel en el ecosistema marino. Le proporcionaremos todo el equipo necesario para su seguridad y comodidad, incluidos chaleco salvavidas, m\u00e1scara y tubo. As\u00ed podr\u00e1 concentrarse en su experiencia de snorkel y disfrutar al m\u00e1ximo de esta aventura \u00fanica. Cuidamos de su bienestar proporcion\u00e1ndole agua embotellada y refrescos para mantenerle hidratado durante toda la actividad. Adem\u00e1s de esta experiencia de snorkel con tiburones, tendr\u00e1 acceso completo al parque acu\u00e1tico Aquaventure el mismo d\u00eda. Disfrute de todas las atracciones, toboganes y piscinas para pasar un d\u00eda lleno de diversi\u00f3n y emociones con su familia y amigos. Dubai es el destino perfecto para unas vacaciones inolvidables, y esta actividad de buceo con tiburones en el Parque Acu\u00e1tico Atlantis es una experiencia que no debe perderse.<\/p>\n","protected":false},"excerpt":{"rendered":"<p>Descubra una experiencia inolvidable practicando snorkel con tiburones en el Parque Acu\u00e1tico Atlantis de Dubai. O disfruta de un d\u00eda inolvidable con la familia y los amigos en el parque acu\u00e1tico m\u00e1s grande del mundo, Aquaventure. <\/p>\n","protected":false},"featured_media":6174,"comment_status":"open","ping_status":"closed","template":"","meta":{"_acf_changed":false},"product_brand":[],"product_cat":[147,152,172,202],"product_tag":[],"class_list":{"0":"post-8075","1":"product","2":"type-product","3":"status-publish","4":"has-post-thumbnail","6":"product_cat-actividades-acuaticas","7":"product_cat-actividades-combinadas","8":"product_cat-actividades-imprescindibles","9":"product_cat-parques-de-atracciones","11":"first","12":"instock","13":"shipping-taxable","14":"purchasable","15":"product-type-simple"},"acf":[],"_links":{"self":[{"href":"https:\/\/bleudubai.com\/es\/wp-json\/wp\/v2\/product\/8075","targetHints":{"allow":["GET"]}}],"collection":[{"href":"https:\/\/bleudubai.com\/es\/wp-json\/wp\/v2\/product"}],"about":[{"href":"https:\/\/bleudubai.com\/es\/wp-json\/wp\/v2\/types\/product"}],"replies":[{"embeddable":true,"href":"https:\/\/bleudubai.com\/es\/wp-json\/wp\/v2\/comments?post=8075"}],"wp:featuredmedia":[{"embeddable":true,"href":"https:\/\/bleudubai.com\/es\/wp-json\/wp\/v2\/media\/6174"}],"wp:attachment":[{"href":"https:\/\/bleudubai.com\/es\/wp-json\/wp\/v2\/media?parent=8075"}],"wp:term":[{"taxonomy":"product_brand","embeddable":true,"href":"https:\/\/bleudubai.com\/es\/wp-json\/wp\/v2\/product_brand?post=8075"},{"taxonomy":"product_cat","embeddable":true,"href":"https:\/\/bleudubai.com\/es\/wp-json\/wp\/v2\/product_cat?post=8075"},{"taxonomy":"product_tag","embeddable":true,"href":"https:\/\/bleudubai.com\/es\/wp-json\/wp\/v2\/product_tag?post=8075"}],"curies":[{"name":"wp","href":"https:\/\/api.w.org\/{rel}","templated":true}]}}