{"id":8076,"date":"2024-09-01T19:37:28","date_gmt":"2024-09-01T19:37:28","guid":{"rendered":"https:\/\/bleudubai.com\/product\/buceo-con-certificado-de-explorador-en-el-parque-acuatico-atlantis\/"},"modified":"2025-12-14T22:32:06","modified_gmt":"2025-12-14T18:32:06","slug":"buceo-con-certificado-de-explorador-en-el-parque-acuatico-atlantis","status":"publish","type":"product","link":"https:\/\/bleudubai.com\/es\/producto\/buceo-con-certificado-de-explorador-en-el-parque-acuatico-atlantis\/","title":{"rendered":"Buceo con certificado de explorador en el parque acu\u00e1tico Atlantis"},"content":{"rendered":"<p>Buceo con certificado de explorador en el parque acu\u00e1tico Atlantis<\/p>\n<p>Explore las misteriosas ruinas de la Atl\u00e1ntida en la Laguna Ambassador, hogar de 65.000 animales marinos. Esta actividad es s\u00f3lo para buceadores certificados y est\u00e1 abierta a buceadores a partir de 10 a\u00f1os. Descubra los secretos ocultos de la Atl\u00e1ntida en la Laguna Ambassador de Atlantis the Palm con nuestra exclusiva actividad de submarinismo. Con esta experiencia, podr\u00e1 bucear en nuestro mayor h\u00e1bitat marino de aguas abiertas, acompa\u00f1ado por un instructor de buceo experto. Nuestro equipo de expertos en buceo estar\u00e1 a su disposici\u00f3n para guiarle durante la exploraci\u00f3n. Podr\u00e1 descubrir las ruinas de la Atl\u00e1ntida junto a peces, rayas y tiburones de arrecife. Le proporcionaremos todo el equipo necesario para que disfrute al m\u00e1ximo de esta experiencia \u00fanica. El bono es v\u00e1lido para todo el d\u00eda de su reserva y tambi\u00e9n le dar\u00e1 acceso al acuario The Lost Chambers. <\/p>\n","protected":false},"excerpt":{"rendered":"<p>Sum\u00e9rjase en las profundidades de Atlantis con nuestra exclusiva excursi\u00f3n al parque acu\u00e1tico Atlantis. Descubra miles de animales marinos y explore la Laguna de los Embajadores. <\/p>\n","protected":false},"featured_media":6165,"comment_status":"open","ping_status":"closed","template":"","meta":{"_acf_changed":false},"product_brand":[],"product_cat":[147,202],"product_tag":[],"class_list":{"0":"post-8076","1":"product","2":"type-product","3":"status-publish","4":"has-post-thumbnail","6":"product_cat-actividades-acuaticas","7":"product_cat-parques-de-atracciones","9":"first","10":"instock","11":"shipping-taxable","12":"purchasable","13":"product-type-simple"},"acf":[],"_links":{"self":[{"href":"https:\/\/bleudubai.com\/es\/wp-json\/wp\/v2\/product\/8076","targetHints":{"allow":["GET"]}}],"collection":[{"href":"https:\/\/bleudubai.com\/es\/wp-json\/wp\/v2\/product"}],"about":[{"href":"https:\/\/bleudubai.com\/es\/wp-json\/wp\/v2\/types\/product"}],"replies":[{"embeddable":true,"href":"https:\/\/bleudubai.com\/es\/wp-json\/wp\/v2\/comments?post=8076"}],"wp:featuredmedia":[{"embeddable":true,"href":"https:\/\/bleudubai.com\/es\/wp-json\/wp\/v2\/media\/6165"}],"wp:attachment":[{"href":"https:\/\/bleudubai.com\/es\/wp-json\/wp\/v2\/media?parent=8076"}],"wp:term":[{"taxonomy":"product_brand","embeddable":true,"href":"https:\/\/bleudubai.com\/es\/wp-json\/wp\/v2\/product_brand?post=8076"},{"taxonomy":"product_cat","embeddable":true,"href":"https:\/\/bleudubai.com\/es\/wp-json\/wp\/v2\/product_cat?post=8076"},{"taxonomy":"product_tag","embeddable":true,"href":"https:\/\/bleudubai.com\/es\/wp-json\/wp\/v2\/product_tag?post=8076"}],"curies":[{"name":"wp","href":"https:\/\/api.w.org\/{rel}","templated":true}]}}