{"id":8077,"date":"2024-09-01T19:37:27","date_gmt":"2024-09-01T19:37:27","guid":{"rendered":"https:\/\/bleudubai.com\/product\/nada-y-explora-con-delfines-en-atlantis\/"},"modified":"2024-11-13T08:58:22","modified_gmt":"2024-11-13T08:58:22","slug":"nada-y-explora-con-delfines-en-atlantis","status":"publish","type":"product","link":"https:\/\/bleudubai.com\/es\/producto\/nada-y-explora-con-delfines-en-atlantis\/","title":{"rendered":"Nada y explora con delfines en Atlantis"},"content":{"rendered":"<p>La experiencia \u00abNadar y explorar\u00bb le da la oportunidad de conocer a los delfines en aguas poco profundas y nadar con ellos en las profundidades de la laguna. Durante 30 minutos, podr\u00e1 interactuar con estas magn\u00edficas criaturas y aprender m\u00e1s sobre ellas. Adem\u00e1s de esta experiencia \u00fanica, cada programa de interacci\u00f3n con delfines incluye acceso ilimitado al parque acu\u00e1tico Aquaventure durante todo el d\u00eda. Podr\u00e1 disfrutar de m\u00e1s de 30 toboganes y atracciones, as\u00ed como de una playa privada y de la nueva atracci\u00f3n de olas Surf&#8217;s Up. As\u00ed que hay mucho que hacer para toda la familia.<\/p>\n","protected":false},"excerpt":{"rendered":"<p>Descubra una experiencia \u00fanica nadando en aguas profundas con nuestros delfines y aprendiendo a cuidarlos. Nuestros expertos le guiar\u00e1n en esta experiencia, reservada a participantes que sepan nadar y tengan al menos 8 a\u00f1os. \u00a1Reserve ahora!  <\/p>\n","protected":false},"featured_media":6144,"comment_status":"open","ping_status":"closed","template":"","meta":{"_acf_changed":false},"product_brand":[],"product_cat":[167,172,187,197,202],"product_tag":[],"class_list":{"0":"post-8077","1":"product","2":"type-product","3":"status-publish","4":"has-post-thumbnail","6":"product_cat-actividades-familiares","7":"product_cat-actividades-imprescindibles","8":"product_cat-entradas","9":"product_cat-los-imprescindibles","10":"product_cat-parques-de-atracciones","12":"first","13":"instock","14":"shipping-taxable","15":"purchasable","16":"product-type-simple"},"acf":[],"_links":{"self":[{"href":"https:\/\/bleudubai.com\/es\/wp-json\/wp\/v2\/product\/8077","targetHints":{"allow":["GET"]}}],"collection":[{"href":"https:\/\/bleudubai.com\/es\/wp-json\/wp\/v2\/product"}],"about":[{"href":"https:\/\/bleudubai.com\/es\/wp-json\/wp\/v2\/types\/product"}],"replies":[{"embeddable":true,"href":"https:\/\/bleudubai.com\/es\/wp-json\/wp\/v2\/comments?post=8077"}],"wp:featuredmedia":[{"embeddable":true,"href":"https:\/\/bleudubai.com\/es\/wp-json\/wp\/v2\/media\/6144"}],"wp:attachment":[{"href":"https:\/\/bleudubai.com\/es\/wp-json\/wp\/v2\/media?parent=8077"}],"wp:term":[{"taxonomy":"product_brand","embeddable":true,"href":"https:\/\/bleudubai.com\/es\/wp-json\/wp\/v2\/product_brand?post=8077"},{"taxonomy":"product_cat","embeddable":true,"href":"https:\/\/bleudubai.com\/es\/wp-json\/wp\/v2\/product_cat?post=8077"},{"taxonomy":"product_tag","embeddable":true,"href":"https:\/\/bleudubai.com\/es\/wp-json\/wp\/v2\/product_tag?post=8077"}],"curies":[{"name":"wp","href":"https:\/\/api.w.org\/{rel}","templated":true}]}}