{"id":8078,"date":"2024-09-01T19:37:28","date_gmt":"2024-09-01T19:37:28","guid":{"rendered":"https:\/\/bleudubai.com\/product\/descubre-el-submarinismo-en-el-parque-acuatico-atlantis\/"},"modified":"2024-11-13T09:00:13","modified_gmt":"2024-11-13T09:00:13","slug":"descubre-el-submarinismo-en-el-parque-acuatico-atlantis","status":"publish","type":"product","link":"https:\/\/bleudubai.com\/es\/producto\/descubre-el-submarinismo-en-el-parque-acuatico-atlantis\/","title":{"rendered":"Descubre el submarinismo en el parque acu\u00e1tico Atlantis"},"content":{"rendered":"<p>Descubre el submarinismo en el parque acu\u00e1tico Atlantis<\/p>\n<p>\u00bfEst\u00e1 preparado para vivir una experiencia de submarinismo \u00fanica en el parque acu\u00e1tico Atlantis The Palm de Dubai? Le ofrecemos la oportunidad de descubrir las ruinas de Atlantis y explorar la Laguna Ambassador, uno de los mayores h\u00e1bitats marinos al aire libre del mundo, hogar de m\u00e1s de 65.000 animales marinos. Buceo para todos. Aunque no tenga experiencia en submarinismo, podr\u00e1 disfrutar de nuestro Atlantis Dive Discovery. Con la ayuda de nuestro divemaster y buceador de seguridad, podr\u00e1 sumergirse hasta una profundidad de 10 metros y descubrir 14 especies diferentes de tiburones y rayas en la Laguna Ambassador. <\/p>\n","protected":false},"excerpt":{"rendered":"<p>Explore el fondo marino de Dubai con una inolvidable experiencia de buceo en la Ambassador Lagoon del parque acu\u00e1tico Atlantis The Palm. Nade con 14 especies de tiburones y rayas en un acuario que alberga 65.000 animales marinos. <\/p>\n","protected":false},"featured_media":6159,"comment_status":"open","ping_status":"closed","template":"","meta":{"_acf_changed":false},"product_brand":[],"product_cat":[147,167,187,202],"product_tag":[],"class_list":{"0":"post-8078","1":"product","2":"type-product","3":"status-publish","4":"has-post-thumbnail","6":"product_cat-actividades-acuaticas","7":"product_cat-actividades-familiares","8":"product_cat-entradas","9":"product_cat-parques-de-atracciones","11":"first","12":"instock","13":"shipping-taxable","14":"purchasable","15":"product-type-simple"},"acf":[],"_links":{"self":[{"href":"https:\/\/bleudubai.com\/es\/wp-json\/wp\/v2\/product\/8078","targetHints":{"allow":["GET"]}}],"collection":[{"href":"https:\/\/bleudubai.com\/es\/wp-json\/wp\/v2\/product"}],"about":[{"href":"https:\/\/bleudubai.com\/es\/wp-json\/wp\/v2\/types\/product"}],"replies":[{"embeddable":true,"href":"https:\/\/bleudubai.com\/es\/wp-json\/wp\/v2\/comments?post=8078"}],"wp:featuredmedia":[{"embeddable":true,"href":"https:\/\/bleudubai.com\/es\/wp-json\/wp\/v2\/media\/6159"}],"wp:attachment":[{"href":"https:\/\/bleudubai.com\/es\/wp-json\/wp\/v2\/media?parent=8078"}],"wp:term":[{"taxonomy":"product_brand","embeddable":true,"href":"https:\/\/bleudubai.com\/es\/wp-json\/wp\/v2\/product_brand?post=8078"},{"taxonomy":"product_cat","embeddable":true,"href":"https:\/\/bleudubai.com\/es\/wp-json\/wp\/v2\/product_cat?post=8078"},{"taxonomy":"product_tag","embeddable":true,"href":"https:\/\/bleudubai.com\/es\/wp-json\/wp\/v2\/product_tag?post=8078"}],"curies":[{"name":"wp","href":"https:\/\/api.w.org\/{rel}","templated":true}]}}