{"id":8079,"date":"2024-09-01T19:37:27","date_gmt":"2024-09-01T19:37:27","guid":{"rendered":"https:\/\/bleudubai.com\/product\/bucear-y-jugar-con-delfines-en-atlantis\/"},"modified":"2024-11-13T09:01:47","modified_gmt":"2024-11-13T09:01:47","slug":"bucear-y-jugar-con-delfines-en-atlantis","status":"publish","type":"product","link":"https:\/\/bleudubai.com\/es\/producto\/bucear-y-jugar-con-delfines-en-atlantis\/","title":{"rendered":"Bucear y jugar con delfines en Atlantis"},"content":{"rendered":"<p>Nadar con delfines en Dubai: una aventura inolvidable Divertido y completo programa de observaci\u00f3n de delfines para toda la familia Una experiencia educativa con expertos en mam\u00edferos marinos Descubra el programa de observaci\u00f3n de delfines m\u00e1s completo de Dubai. Nuestros expertos le ense\u00f1ar\u00e1n todo sobre estos inteligentes mam\u00edferos marinos y su comportamiento. El programa est\u00e1 abierto a todas las edades y niveles de nataci\u00f3n. Lo pasar\u00e1 como nunca con su familia y amigos. Un encuentro \u00fanico con delfines en aguas cristalinas y poco profundas Viva un encuentro \u00fanico con delfines en aguas cristalinas y poco profundas. Vadeando hasta la cintura, podr\u00e1 admirar su talento y jugar con ellos. Esta inolvidable aventura es apta para todas las edades, incluso para los no nadadores. Momentos de diversi\u00f3n en un complejo mundialmente conocido. Despu\u00e9s de este encuentro \u00fanico con los delfines, contin\u00fae la diversi\u00f3n en los famosos toboganes y emocionantes atracciones de Aquaventure. Tambi\u00e9n podr\u00e1 disfrutar de las numerosas playas privadas y confortables de que dispone este magn\u00edfico complejo.<\/p>\n","protected":false},"excerpt":{"rendered":"<p>Descubra la inolvidable experiencia de nadar con delfines en Dubai. Nuestro completo programa de observaci\u00f3n de delfines le permitir\u00e1 descubrir a estos inteligentes mam\u00edferos marinos en aguas cristalinas y poco profundas. <\/p>\n","protected":false},"featured_media":6129,"comment_status":"open","ping_status":"closed","template":"","meta":{"_acf_changed":false},"product_brand":[],"product_cat":[167,202],"product_tag":[],"class_list":{"0":"post-8079","1":"product","2":"type-product","3":"status-publish","4":"has-post-thumbnail","6":"product_cat-actividades-familiares","7":"product_cat-parques-de-atracciones","9":"first","10":"instock","11":"shipping-taxable","12":"purchasable","13":"product-type-simple"},"acf":[],"_links":{"self":[{"href":"https:\/\/bleudubai.com\/es\/wp-json\/wp\/v2\/product\/8079","targetHints":{"allow":["GET"]}}],"collection":[{"href":"https:\/\/bleudubai.com\/es\/wp-json\/wp\/v2\/product"}],"about":[{"href":"https:\/\/bleudubai.com\/es\/wp-json\/wp\/v2\/types\/product"}],"replies":[{"embeddable":true,"href":"https:\/\/bleudubai.com\/es\/wp-json\/wp\/v2\/comments?post=8079"}],"wp:featuredmedia":[{"embeddable":true,"href":"https:\/\/bleudubai.com\/es\/wp-json\/wp\/v2\/media\/6129"}],"wp:attachment":[{"href":"https:\/\/bleudubai.com\/es\/wp-json\/wp\/v2\/media?parent=8079"}],"wp:term":[{"taxonomy":"product_brand","embeddable":true,"href":"https:\/\/bleudubai.com\/es\/wp-json\/wp\/v2\/product_brand?post=8079"},{"taxonomy":"product_cat","embeddable":true,"href":"https:\/\/bleudubai.com\/es\/wp-json\/wp\/v2\/product_cat?post=8079"},{"taxonomy":"product_tag","embeddable":true,"href":"https:\/\/bleudubai.com\/es\/wp-json\/wp\/v2\/product_tag?post=8079"}],"curies":[{"name":"wp","href":"https:\/\/api.w.org\/{rel}","templated":true}]}}