{"id":8080,"date":"2024-09-01T19:37:27","date_gmt":"2024-09-01T15:37:27","guid":{"rendered":"https:\/\/bleudubai.com\/product\/entrada-al-acuario-lost-chambers\/"},"modified":"2024-11-13T09:03:02","modified_gmt":"2024-11-13T09:03:02","slug":"entrada-al-acuario-lost-chambers","status":"publish","type":"product","link":"https:\/\/bleudubai.com\/es\/producto\/entrada-al-acuario-lost-chambers\/","title":{"rendered":"Entrada al Acuario Lost Chambers"},"content":{"rendered":"<p>Descubra la incre\u00edble vida marina de m\u00e1s de 65.000 animales visitando el acuario Lost Chambers de Dubai. El complejo Atlantis the Palm, situado en el archipi\u00e9lago artificial Palm Jumeirah, recrea maravillosamente la famosa \u00abCiudad Perdida de la Atl\u00e1ntida\u00bb. Sum\u00e9rjase en espectaculares exposiciones marinas y salas para aprender m\u00e1s sobre la fascinante historia de esta civilizaci\u00f3n olvidada hace mucho tiempo. Nuestros apasionados instructores marinos est\u00e1n a su disposici\u00f3n para informarle sobre las criaturas marinas que descubrir\u00e1. Ver\u00e1 cientos de especies aut\u00f3ctonas del Golfo P\u00e9rsico, como delicados caballitos de mar e impresionantes medusas, as\u00ed como el impresionante arapaima amaz\u00f3nico, el pez de agua dulce m\u00e1s grande del mundo. La entrada es asequible, por lo que se trata de una actividad accesible a todos los bolsillos. <\/p>\n","protected":false},"excerpt":{"rendered":"<p>Descubra el acuario Lost Chambers de Dubai y explore 65.000 especies marinas. Sum\u00e9rjase en los misterios de la Atl\u00e1ntida y aprenda de expertos marinos en esta experiencia inolvidable. <\/p>\n","protected":false},"featured_media":6114,"comment_status":"open","ping_status":"closed","template":"","meta":{"_acf_changed":false},"product_brand":[],"product_cat":[167,187,202],"product_tag":[],"class_list":{"0":"post-8080","1":"product","2":"type-product","3":"status-publish","4":"has-post-thumbnail","6":"product_cat-actividades-familiares","7":"product_cat-entradas","8":"product_cat-parques-de-atracciones","10":"first","11":"instock","12":"shipping-taxable","13":"purchasable","14":"product-type-simple"},"acf":[],"_links":{"self":[{"href":"https:\/\/bleudubai.com\/es\/wp-json\/wp\/v2\/product\/8080","targetHints":{"allow":["GET"]}}],"collection":[{"href":"https:\/\/bleudubai.com\/es\/wp-json\/wp\/v2\/product"}],"about":[{"href":"https:\/\/bleudubai.com\/es\/wp-json\/wp\/v2\/types\/product"}],"replies":[{"embeddable":true,"href":"https:\/\/bleudubai.com\/es\/wp-json\/wp\/v2\/comments?post=8080"}],"wp:featuredmedia":[{"embeddable":true,"href":"https:\/\/bleudubai.com\/es\/wp-json\/wp\/v2\/media\/6114"}],"wp:attachment":[{"href":"https:\/\/bleudubai.com\/es\/wp-json\/wp\/v2\/media?parent=8080"}],"wp:term":[{"taxonomy":"product_brand","embeddable":true,"href":"https:\/\/bleudubai.com\/es\/wp-json\/wp\/v2\/product_brand?post=8080"},{"taxonomy":"product_cat","embeddable":true,"href":"https:\/\/bleudubai.com\/es\/wp-json\/wp\/v2\/product_cat?post=8080"},{"taxonomy":"product_tag","embeddable":true,"href":"https:\/\/bleudubai.com\/es\/wp-json\/wp\/v2\/product_tag?post=8080"}],"curies":[{"name":"wp","href":"https:\/\/api.w.org\/{rel}","templated":true}]}}