{"id":8081,"date":"2024-09-01T19:37:27","date_gmt":"2024-09-01T15:37:27","guid":{"rendered":"https:\/\/bleudubai.com\/product\/entrada-atlantis-aquaventure\/"},"modified":"2026-01-23T16:49:04","modified_gmt":"2026-01-23T12:49:04","slug":"entrada-atlantis-aquaventure","status":"publish","type":"product","link":"https:\/\/bleudubai.com\/es\/producto\/entrada-atlantis-aquaventure\/","title":{"rendered":"Entrada Atlantis Aquaventure"},"content":{"rendered":"<p>Descubra el mayor parque acu\u00e1tico de Oriente Pr\u00f3ximo y Europa<\/p>\n<p>Una entrada para dos atracciones incre\u00edbles<\/p>\n<p>Disfrute de acceso ilimitado a dos incre\u00edbles atracciones acu\u00e1ticas: Aquaventure, el mayor parque acu\u00e1tico de Oriente Medio y Europa, y Lost Chambers, un acuario lleno de peces ex\u00f3ticos. Con un solo billete combinado, ahorre en tarifas y disfrute de dos experiencias inolvidables en un solo lugar. <\/p>\n<p>Diversi\u00f3n acu\u00e1tica sin fin.<\/p>\n<p>Aquaventure es un parque acu\u00e1tico que ofrece toboganes y atracciones que baten r\u00e9cords. Prep\u00e1rese para vivir emociones fuertes con m\u00e1s de 105 toboganes y atracciones, un r\u00edo salvaje de 500 metros de largo y una playa privada de 1 km. Gracias a la inteligencia artificial, evite las largas colas y disfrute de la primera atracci\u00f3n de doble tobog\u00e1n del mundo dentro de un \u00fanico tobog\u00e1n. Gracias a la automatizaci\u00f3n, el parque acu\u00e1tico Aquaventure ofrece una experiencia \u00fanica.   <\/p>\n<p>Descubra el misterio de la ciudad perdida de la Atl\u00e1ntida.<\/p>\n<p>Lost Chambers es un acuario que le permite explorar el misterio de la ciudad perdida de la Atl\u00e1ntida a trav\u00e9s de 20 exposiciones \u00fanicas. Con m\u00e1s de 65.000 criaturas marinas, incluidos tiburones, rayas y leones marinos, tendr\u00e1 la oportunidad de descubrir los animales marinos como nunca antes. Camine entre las antiguas ruinas y p\u00f3ngase en la piel de un experto en animales marinos. Gracias al procesamiento del lenguaje natural y al aprendizaje autom\u00e1tico, el acuario Lost Chambers ofrece una experiencia educativa e interactiva para toda la familia.   <\/p>\n","protected":false},"excerpt":{"rendered":"<p>Descubra Aquaventure, el mayor parque acu\u00e1tico del mundo, con 105 toboganes y atracciones, una playa privada y numerosos restaurantes.<\/p>\n","protected":false},"featured_media":6099,"comment_status":"open","ping_status":"closed","template":"","meta":{"_acf_changed":false},"product_brand":[],"product_cat":[147,167,172,187,197,202],"product_tag":[],"class_list":{"0":"post-8081","1":"product","2":"type-product","3":"status-publish","4":"has-post-thumbnail","6":"product_cat-actividades-acuaticas","7":"product_cat-actividades-familiares","8":"product_cat-actividades-imprescindibles","9":"product_cat-entradas","10":"product_cat-los-imprescindibles","11":"product_cat-parques-de-atracciones","13":"first","14":"instock","15":"sale","16":"featured","17":"shipping-taxable","18":"purchasable","19":"product-type-simple"},"acf":[],"_links":{"self":[{"href":"https:\/\/bleudubai.com\/es\/wp-json\/wp\/v2\/product\/8081","targetHints":{"allow":["GET"]}}],"collection":[{"href":"https:\/\/bleudubai.com\/es\/wp-json\/wp\/v2\/product"}],"about":[{"href":"https:\/\/bleudubai.com\/es\/wp-json\/wp\/v2\/types\/product"}],"replies":[{"embeddable":true,"href":"https:\/\/bleudubai.com\/es\/wp-json\/wp\/v2\/comments?post=8081"}],"wp:featuredmedia":[{"embeddable":true,"href":"https:\/\/bleudubai.com\/es\/wp-json\/wp\/v2\/media\/6099"}],"wp:attachment":[{"href":"https:\/\/bleudubai.com\/es\/wp-json\/wp\/v2\/media?parent=8081"}],"wp:term":[{"taxonomy":"product_brand","embeddable":true,"href":"https:\/\/bleudubai.com\/es\/wp-json\/wp\/v2\/product_brand?post=8081"},{"taxonomy":"product_cat","embeddable":true,"href":"https:\/\/bleudubai.com\/es\/wp-json\/wp\/v2\/product_cat?post=8081"},{"taxonomy":"product_tag","embeddable":true,"href":"https:\/\/bleudubai.com\/es\/wp-json\/wp\/v2\/product_tag?post=8081"}],"curies":[{"name":"wp","href":"https:\/\/api.w.org\/{rel}","templated":true}]}}