{"id":8082,"date":"2024-09-01T19:37:27","date_gmt":"2024-09-01T15:37:27","guid":{"rendered":"https:\/\/bleudubai.com\/product\/entrada-para-atlantis-aquaventure-y-el-acuario-lost-chambers\/"},"modified":"2025-10-01T18:29:47","modified_gmt":"2025-10-01T14:29:47","slug":"entrada-para-atlantis-aquaventure-y-el-acuario-lost-chambers","status":"publish","type":"product","link":"https:\/\/bleudubai.com\/es\/producto\/entrada-para-atlantis-aquaventure-y-el-acuario-lost-chambers\/","title":{"rendered":"Entrada para Atlantis Aquaventure y el acuario Lost Chambers"},"content":{"rendered":"<p>Sum\u00e9rjase en un mundo de emociones en el parque acu\u00e1tico Aquaventure de Dubai Toboganes y atracciones que baten r\u00e9cords Prep\u00e1rese para vivir emociones fuertes con m\u00e1s de 105 toboganes y atracciones que baten r\u00e9cords. Gracias a la inteligencia artificial, el parque acu\u00e1tico Aquaventure ofrece una experiencia \u00fanica. Evite las largas colas y disfrute de la primera atracci\u00f3n de doble tobog\u00e1n del mundo dentro de un \u00fanico tobog\u00e1n. Con m\u00e1s de 30 toboganes y atracciones, un r\u00edo salvaje de 500 metros de largo y una playa privada de 1 km, hay para todos los gustos. Ac\u00e9rquese a los animales marinos con el acuario Lost Chambers Explore el misterio de la ciudad perdida de la Atl\u00e1ntida a trav\u00e9s de 20 exposiciones \u00fanicas en el acuario Lost Chambers. Con m\u00e1s de 65.000 criaturas marinas, incluidos tiburones, rayas y leones marinos, tendr\u00e1 la oportunidad de descubrir los animales marinos como nunca antes. Camine entre las antiguas ruinas y p\u00f3ngase en la piel de un experto en animales marinos. Es una experiencia inolvidable para toda la familia.<\/p>\n","protected":false},"excerpt":{"rendered":"<p>Entrada combinada para Aquaventure y Lost Chambers. Ahorre en tarifas y disfrute de dos incre\u00edbles atracciones acu\u00e1ticas. Aquaventure, un parque acu\u00e1tico con toboganes.<br \/>\nLost Chambers, un acuario lleno de peces ex\u00f3ticos.  <\/p>\n","protected":false},"featured_media":6084,"comment_status":"open","ping_status":"closed","template":"","meta":{"_acf_changed":false},"product_brand":[],"product_cat":[147,152,172,187,197,202],"product_tag":[],"class_list":{"0":"post-8082","1":"product","2":"type-product","3":"status-publish","4":"has-post-thumbnail","6":"product_cat-actividades-acuaticas","7":"product_cat-actividades-combinadas","8":"product_cat-actividades-imprescindibles","9":"product_cat-entradas","10":"product_cat-los-imprescindibles","11":"product_cat-parques-de-atracciones","13":"first","14":"instock","15":"sale","16":"shipping-taxable","17":"purchasable","18":"product-type-simple"},"acf":[],"_links":{"self":[{"href":"https:\/\/bleudubai.com\/es\/wp-json\/wp\/v2\/product\/8082","targetHints":{"allow":["GET"]}}],"collection":[{"href":"https:\/\/bleudubai.com\/es\/wp-json\/wp\/v2\/product"}],"about":[{"href":"https:\/\/bleudubai.com\/es\/wp-json\/wp\/v2\/types\/product"}],"replies":[{"embeddable":true,"href":"https:\/\/bleudubai.com\/es\/wp-json\/wp\/v2\/comments?post=8082"}],"wp:featuredmedia":[{"embeddable":true,"href":"https:\/\/bleudubai.com\/es\/wp-json\/wp\/v2\/media\/6084"}],"wp:attachment":[{"href":"https:\/\/bleudubai.com\/es\/wp-json\/wp\/v2\/media?parent=8082"}],"wp:term":[{"taxonomy":"product_brand","embeddable":true,"href":"https:\/\/bleudubai.com\/es\/wp-json\/wp\/v2\/product_brand?post=8082"},{"taxonomy":"product_cat","embeddable":true,"href":"https:\/\/bleudubai.com\/es\/wp-json\/wp\/v2\/product_cat?post=8082"},{"taxonomy":"product_tag","embeddable":true,"href":"https:\/\/bleudubai.com\/es\/wp-json\/wp\/v2\/product_tag?post=8082"}],"curies":[{"name":"wp","href":"https:\/\/api.w.org\/{rel}","templated":true}]}}