{"id":8083,"date":"2024-09-01T19:37:27","date_gmt":"2024-09-01T15:37:27","guid":{"rendered":"https:\/\/bleudubai.com\/product\/aquaventure-y-the-lost-chambers-con-traslados-compartidos\/"},"modified":"2024-09-01T19:37:27","modified_gmt":"2024-09-01T19:37:27","slug":"aquaventure-y-the-lost-chambers-con-traslados-compartidos","status":"publish","type":"product","link":"https:\/\/bleudubai.com\/es\/producto\/aquaventure-y-the-lost-chambers-con-traslados-compartidos\/","title":{"rendered":"Aquaventure y The Lost Chambers con traslados compartidos"},"content":{"rendered":"<p>Explore una civilizaci\u00f3n olvidada visitando el acuario Lost Chambers, donde le esperan 65.000 maravillosos animales marinos. \u00danase cada hora a los Myth Tours para descubrir los animales submarinos que nadan por encima y junto a usted. El parque acu\u00e1tico Aquaventure, considerado el primero de Oriente Pr\u00f3ximo, ofrece atracciones y toboganes que baten r\u00e9cords, as\u00ed como encuentros con tiburones y rayas. Tambi\u00e9n hay 700 metros de playa privada y nuevas y exclusivas zonas de descanso. Ambos destinos ofrecen emociones y relajaci\u00f3n divina para una experiencia inolvidable.<\/p>\n","protected":false},"excerpt":{"rendered":"<p>Disfrute de acceso ilimitado a Aquaventure y Lost Chambers Aquarium, dos de las atracciones m\u00e1s emblem\u00e1ticas de Dubai. Ahorre en entradas y traslados, y disfrute de una experiencia marina estimulante y sin estr\u00e9s. <\/p>\n","protected":false},"featured_media":6069,"comment_status":"open","ping_status":"closed","template":"","meta":{"_acf_changed":false},"product_brand":[],"product_cat":[152,187,202],"product_tag":[],"class_list":{"0":"post-8083","1":"product","2":"type-product","3":"status-publish","4":"has-post-thumbnail","6":"product_cat-actividades-combinadas","7":"product_cat-entradas","8":"product_cat-parques-de-atracciones","10":"first","11":"instock","12":"shipping-taxable","13":"purchasable","14":"product-type-simple"},"acf":[],"_links":{"self":[{"href":"https:\/\/bleudubai.com\/es\/wp-json\/wp\/v2\/product\/8083","targetHints":{"allow":["GET"]}}],"collection":[{"href":"https:\/\/bleudubai.com\/es\/wp-json\/wp\/v2\/product"}],"about":[{"href":"https:\/\/bleudubai.com\/es\/wp-json\/wp\/v2\/types\/product"}],"replies":[{"embeddable":true,"href":"https:\/\/bleudubai.com\/es\/wp-json\/wp\/v2\/comments?post=8083"}],"wp:featuredmedia":[{"embeddable":true,"href":"https:\/\/bleudubai.com\/es\/wp-json\/wp\/v2\/media\/6069"}],"wp:attachment":[{"href":"https:\/\/bleudubai.com\/es\/wp-json\/wp\/v2\/media?parent=8083"}],"wp:term":[{"taxonomy":"product_brand","embeddable":true,"href":"https:\/\/bleudubai.com\/es\/wp-json\/wp\/v2\/product_brand?post=8083"},{"taxonomy":"product_cat","embeddable":true,"href":"https:\/\/bleudubai.com\/es\/wp-json\/wp\/v2\/product_cat?post=8083"},{"taxonomy":"product_tag","embeddable":true,"href":"https:\/\/bleudubai.com\/es\/wp-json\/wp\/v2\/product_tag?post=8083"}],"curies":[{"name":"wp","href":"https:\/\/api.w.org\/{rel}","templated":true}]}}