{"id":8720,"date":"2024-12-16T15:24:36","date_gmt":"2024-12-16T11:24:36","guid":{"rendered":"https:\/\/bleudubai.com\/product\/dubai-vuela-en-girocoptero\/"},"modified":"2025-10-15T08:57:25","modified_gmt":"2025-10-15T04:57:25","slug":"dubai-vuela-en-girocoptero","status":"publish","type":"product","link":"https:\/\/bleudubai.com\/es\/producto\/dubai-vuela-en-girocoptero\/","title":{"rendered":"Dubai : Vuelo en giroc\u00f3ptero"},"content":{"rendered":"<p><span style=\"font-weight: 400;\">Sum\u00e9rgete en una aventura a\u00e9rea \u00fanica con una iniciaci\u00f3n al giroc\u00f3ptero en Dubai. Sube a bordo de este exclusivo biplaza para vivir una experiencia inolvidable a 1.500 pies de altura. Bajo la direcci\u00f3n de un piloto experimentado, sobrevolar\u00e1s el puerto deportivo de Dubai, con impresionantes vistas del Dubai Eye, la Palm Jumeirah, el hotel Atlantis, las Islas del Mundo y el majestuoso Burj Al Arab.  <\/span><\/p>\n","protected":false},"excerpt":{"rendered":"<p><span style=\"font-weight: 400;\">Disfruta de una iniciaci\u00f3n al giroc\u00f3ptero en Dubai y el\u00e9vate a 1.500 pies para admirar lugares emblem\u00e1ticos como Palm Jumeirah y el Burj Al Arab.<\/span><\/p>\n","protected":false},"featured_media":8633,"comment_status":"open","ping_status":"closed","template":"","meta":{"_acf_changed":false},"product_brand":[],"product_cat":[157,207],"product_tag":[],"class_list":{"0":"post-8720","1":"product","2":"type-product","3":"status-publish","4":"has-post-thumbnail","6":"product_cat-actividades-en-el-aire","7":"product_cat-deporte-y-adrenalina","9":"first","10":"instock","11":"shipping-taxable","12":"purchasable","13":"product-type-simple"},"acf":[],"_links":{"self":[{"href":"https:\/\/bleudubai.com\/es\/wp-json\/wp\/v2\/product\/8720","targetHints":{"allow":["GET"]}}],"collection":[{"href":"https:\/\/bleudubai.com\/es\/wp-json\/wp\/v2\/product"}],"about":[{"href":"https:\/\/bleudubai.com\/es\/wp-json\/wp\/v2\/types\/product"}],"replies":[{"embeddable":true,"href":"https:\/\/bleudubai.com\/es\/wp-json\/wp\/v2\/comments?post=8720"}],"wp:featuredmedia":[{"embeddable":true,"href":"https:\/\/bleudubai.com\/es\/wp-json\/wp\/v2\/media\/8633"}],"wp:attachment":[{"href":"https:\/\/bleudubai.com\/es\/wp-json\/wp\/v2\/media?parent=8720"}],"wp:term":[{"taxonomy":"product_brand","embeddable":true,"href":"https:\/\/bleudubai.com\/es\/wp-json\/wp\/v2\/product_brand?post=8720"},{"taxonomy":"product_cat","embeddable":true,"href":"https:\/\/bleudubai.com\/es\/wp-json\/wp\/v2\/product_cat?post=8720"},{"taxonomy":"product_tag","embeddable":true,"href":"https:\/\/bleudubai.com\/es\/wp-json\/wp\/v2\/product_tag?post=8720"}],"curies":[{"name":"wp","href":"https:\/\/api.w.org\/{rel}","templated":true}]}}