{"id":8740,"date":"2024-12-16T18:27:24","date_gmt":"2024-12-16T14:27:24","guid":{"rendered":"https:\/\/bleudubai.com\/product\/dubai-tyrolienne-a-travers-la-marina\/"},"modified":"2025-10-09T17:25:36","modified_gmt":"2025-10-09T13:25:36","slug":"dubai-tyrolienne-a-travers-la-marina","status":"publish","type":"product","link":"https:\/\/bleudubai.com\/es\/producto\/dubai-tyrolienne-a-travers-la-marina\/","title":{"rendered":"Dubai: Tirolina del puerto deportivo"},"content":{"rendered":"<p><span style=\"font-weight: 400;\">Sobrevuele el puerto deportivo de Dubai en la tirolina urbana m\u00e1s larga del mundo, gestionada por un equipo altamente cualificado y certificado a nivel mundial que garantiza una seguridad \u00f3ptima con pruebas y mantenimiento peri\u00f3dicos. La aventura comienza a 170 metros de altura de las Torres Anwaj, con un descenso de 16 grados que ofrece vistas panor\u00e1micas del lujoso puerto deportivo que se encuentra debajo. Alcance velocidades de hasta 80 km\/h, tumbado boca abajo como un superh\u00e9roe para disfrutar de una sensaci\u00f3n de vuelo inolvidable.  <\/span><\/p>\n<p><span style=\"font-weight: 400;\">Dos l\u00edneas paralelas le permiten compartir esta experiencia con un amigo. Recibir\u00e1s fotos y un v\u00eddeo de tu vuelo, perfectos para inmortalizar y compartir esta aventura \u00fanica. <\/span><\/p>\n","protected":false},"excerpt":{"rendered":"<p><span style=\"font-weight: 400;\">Viva la emoci\u00f3n de la tirolina urbana m\u00e1s larga del mundo en Dubai Marina. Sobrevuela la ciudad solo o con un amigo, fotos y v\u00eddeos incluidos. <\/span><\/p>\n","protected":false},"featured_media":8670,"comment_status":"open","ping_status":"closed","template":"","meta":{"_acf_changed":false},"product_brand":[],"product_cat":[157,167,172,207],"product_tag":[],"class_list":{"0":"post-8740","1":"product","2":"type-product","3":"status-publish","4":"has-post-thumbnail","6":"product_cat-actividades-en-el-aire","7":"product_cat-actividades-familiares","8":"product_cat-actividades-imprescindibles","9":"product_cat-deporte-y-adrenalina","11":"first","12":"instock","13":"featured","14":"shipping-taxable","15":"purchasable","16":"product-type-simple"},"acf":[],"_links":{"self":[{"href":"https:\/\/bleudubai.com\/es\/wp-json\/wp\/v2\/product\/8740","targetHints":{"allow":["GET"]}}],"collection":[{"href":"https:\/\/bleudubai.com\/es\/wp-json\/wp\/v2\/product"}],"about":[{"href":"https:\/\/bleudubai.com\/es\/wp-json\/wp\/v2\/types\/product"}],"replies":[{"embeddable":true,"href":"https:\/\/bleudubai.com\/es\/wp-json\/wp\/v2\/comments?post=8740"}],"wp:featuredmedia":[{"embeddable":true,"href":"https:\/\/bleudubai.com\/es\/wp-json\/wp\/v2\/media\/8670"}],"wp:attachment":[{"href":"https:\/\/bleudubai.com\/es\/wp-json\/wp\/v2\/media?parent=8740"}],"wp:term":[{"taxonomy":"product_brand","embeddable":true,"href":"https:\/\/bleudubai.com\/es\/wp-json\/wp\/v2\/product_brand?post=8740"},{"taxonomy":"product_cat","embeddable":true,"href":"https:\/\/bleudubai.com\/es\/wp-json\/wp\/v2\/product_cat?post=8740"},{"taxonomy":"product_tag","embeddable":true,"href":"https:\/\/bleudubai.com\/es\/wp-json\/wp\/v2\/product_tag?post=8740"}],"curies":[{"name":"wp","href":"https:\/\/api.w.org\/{rel}","templated":true}]}}