{"id":8745,"date":"2024-12-05T20:26:02","date_gmt":"2024-12-05T16:26:02","guid":{"rendered":"https:\/\/bleudubai.com\/product\/green-planet-un-taladro-tropical-unico-interior\/"},"modified":"2025-08-06T12:57:31","modified_gmt":"2025-08-06T08:57:31","slug":"green-planet-un-taladro-tropical-unico-interior","status":"publish","type":"product","link":"https:\/\/bleudubai.com\/es\/producto\/green-planet-un-taladro-tropical-unico-interior\/","title":{"rendered":"Planeta verde: un bosque tropical \u00fanico en el interior"},"content":{"rendered":"<p><span style=\"font-weight: 400;\">Green Planet es un biodomo \u00fanico que invita a explorar la rica flora y fauna de nuestro planeta a trav\u00e9s de una experiencia inmersiva en medio de una selva tropical. Este ecosistema verdaderamente recreado alberga m\u00e1s de 3.000 plantas y animales, as\u00ed como el mayor \u00e1rbol de interior jam\u00e1s plantado por el hombre. <\/span><\/p>\n<p><span style=\"font-weight: 400;\">Viva una aventura inolvidable visitando la cueva de los murci\u00e9lagos, descubra especies incre\u00edbles y toque una boa esmeralda si es lo bastante valiente. D\u00e9jese hechizar por los cantos de los p\u00e1jaros tropicales que vuelan libremente por Green Planet. No deje de saludar a uno de los dos perezosos, que duermen pl\u00e1cidamente la mayor parte del d\u00eda. Tambi\u00e9n podr\u00e1 observar a los monos ardilla, que se mueven \u00e1gilmente de \u00e1rbol en \u00e1rbol sobre sus largas colas.   <\/span><\/p>\n<p><span style=\"font-weight: 400;\">Esta instalaci\u00f3n educativa y entretenida pone de relieve el fr\u00e1gil equilibrio de la naturaleza y la importancia de preservar uno de los ecosistemas vivos m\u00e1s antiguos del mundo. <\/span><\/p>\n<p><span style=\"font-weight: 400;\">Planeta Verde es una excursi\u00f3n educativa ideal para toda la familia, dise\u00f1ada para concienciar a grandes y peque\u00f1os sobre la rica biodiversidad de nuestro planeta y la importancia de protegerla.<\/span><\/p>\n","protected":false},"excerpt":{"rendered":"<p><span style=\"font-weight: 400;\">Visite Green Planet en Dubai, un bosque tropical de interior que alberga m\u00e1s de 3.000 especies. <\/span><\/p>\n","protected":false},"featured_media":7410,"comment_status":"open","ping_status":"closed","template":"","meta":{"_acf_changed":false},"product_brand":[],"product_cat":[167,192,187],"product_tag":[],"class_list":{"0":"post-8745","1":"product","2":"type-product","3":"status-publish","4":"has-post-thumbnail","6":"product_cat-actividades-familiares","7":"product_cat-city-pass-es","8":"product_cat-entradas","10":"first","11":"instock","12":"shipping-taxable","13":"purchasable","14":"product-type-simple"},"acf":[],"_links":{"self":[{"href":"https:\/\/bleudubai.com\/es\/wp-json\/wp\/v2\/product\/8745","targetHints":{"allow":["GET"]}}],"collection":[{"href":"https:\/\/bleudubai.com\/es\/wp-json\/wp\/v2\/product"}],"about":[{"href":"https:\/\/bleudubai.com\/es\/wp-json\/wp\/v2\/types\/product"}],"replies":[{"embeddable":true,"href":"https:\/\/bleudubai.com\/es\/wp-json\/wp\/v2\/comments?post=8745"}],"wp:featuredmedia":[{"embeddable":true,"href":"https:\/\/bleudubai.com\/es\/wp-json\/wp\/v2\/media\/7410"}],"wp:attachment":[{"href":"https:\/\/bleudubai.com\/es\/wp-json\/wp\/v2\/media?parent=8745"}],"wp:term":[{"taxonomy":"product_brand","embeddable":true,"href":"https:\/\/bleudubai.com\/es\/wp-json\/wp\/v2\/product_brand?post=8745"},{"taxonomy":"product_cat","embeddable":true,"href":"https:\/\/bleudubai.com\/es\/wp-json\/wp\/v2\/product_cat?post=8745"},{"taxonomy":"product_tag","embeddable":true,"href":"https:\/\/bleudubai.com\/es\/wp-json\/wp\/v2\/product_tag?post=8745"}],"curies":[{"name":"wp","href":"https:\/\/api.w.org\/{rel}","templated":true}]}}