{"id":7645,"date":"2024-09-01T19:38:13","date_gmt":"2024-09-01T19:38:13","guid":{"rendered":"https:\/\/bleudubai.com\/product\/scopri-il-brivido-del-wakeboard-dello-sci-nautico-e-del-surf-a-palm-jumeirah\/"},"modified":"2024-11-11T20:35:02","modified_gmt":"2024-11-11T20:35:02","slug":"scopri-il-brivido-del-wakeboard-dello-sci-nautico-e-del-surf-a-palm-jumeirah","status":"publish","type":"product","link":"https:\/\/bleudubai.com\/it\/prodotto\/scopri-il-brivido-del-wakeboard-dello-sci-nautico-e-del-surf-a-palm-jumeirah\/","title":{"rendered":"Scopri le emozioni del wakeboard, dello sci nautico e del surf a Palm Jumeirah"},"content":{"rendered":"<p>Preparati a cavalcare le onde della famosa Palm Jumeirah Island! Un istruttore professionista sar\u00e0 a disposizione per guidarti e darti consigli adatti al tuo livello. Trova il tuo equilibrio e la tua velocit\u00e0 e metti alla prova le tue abilit\u00e0. Qualunque sia la tua esperienza precedente, questa avventura ti lascer\u00e0 con un grande sorriso sul volto.<\/p>\n","protected":false},"excerpt":{"rendered":"<p>Scegli una delle 3 esperienze di surf, ciascuna della durata di 20 minuti. Goditi un momento di puro piacere sulle onde di Palm Jumeirah. <\/p>\n","protected":false},"featured_media":6682,"comment_status":"open","ping_status":"closed","template":"","meta":{"_acf_changed":false},"product_brand":[],"product_cat":[144,164,179,204],"product_tag":[],"class_list":{"0":"post-7645","1":"product","2":"type-product","3":"status-publish","4":"has-post-thumbnail","6":"product_cat-attivita-acquatiche","7":"product_cat-attivita-familiari","8":"product_cat-passeggiata-in-barca","9":"product_cat-sport-e-adrenalina","11":"first","12":"instock","13":"shipping-taxable","14":"purchasable","15":"product-type-simple"},"acf":[],"_links":{"self":[{"href":"https:\/\/bleudubai.com\/it\/wp-json\/wp\/v2\/product\/7645","targetHints":{"allow":["GET"]}}],"collection":[{"href":"https:\/\/bleudubai.com\/it\/wp-json\/wp\/v2\/product"}],"about":[{"href":"https:\/\/bleudubai.com\/it\/wp-json\/wp\/v2\/types\/product"}],"replies":[{"embeddable":true,"href":"https:\/\/bleudubai.com\/it\/wp-json\/wp\/v2\/comments?post=7645"}],"wp:featuredmedia":[{"embeddable":true,"href":"https:\/\/bleudubai.com\/it\/wp-json\/wp\/v2\/media\/6682"}],"wp:attachment":[{"href":"https:\/\/bleudubai.com\/it\/wp-json\/wp\/v2\/media?parent=7645"}],"wp:term":[{"taxonomy":"product_brand","embeddable":true,"href":"https:\/\/bleudubai.com\/it\/wp-json\/wp\/v2\/product_brand?post=7645"},{"taxonomy":"product_cat","embeddable":true,"href":"https:\/\/bleudubai.com\/it\/wp-json\/wp\/v2\/product_cat?post=7645"},{"taxonomy":"product_tag","embeddable":true,"href":"https:\/\/bleudubai.com\/it\/wp-json\/wp\/v2\/product_tag?post=7645"}],"curies":[{"name":"wp","href":"https:\/\/api.w.org\/{rel}","templated":true}]}}