{"id":7648,"date":"2024-09-01T19:38:13","date_gmt":"2024-09-01T15:38:13","guid":{"rendered":"https:\/\/bleudubai.com\/product\/esplora-le-meraviglie-della-barriera-sottomarina-di-burj-al-arab-a-dubai\/"},"modified":"2024-09-01T19:38:13","modified_gmt":"2024-09-01T19:38:13","slug":"esplora-le-meraviglie-della-barriera-sottomarina-di-burj-al-arab-a-dubai","status":"publish","type":"product","link":"https:\/\/bleudubai.com\/it\/prodotto\/esplora-le-meraviglie-della-barriera-sottomarina-di-burj-al-arab-a-dubai\/","title":{"rendered":"Esplora le meraviglie della barriera corallina sottomarina del Burj Al Arab a Dubai"},"content":{"rendered":"<p>Il programma Discovery Scuba Diving ti offre l&#8217;opportunit\u00e0 di immergerti nel mondo sottomarino senza alcuna esperienza precedente. \u00c8 l&#8217;opportunit\u00e0 perfetta per i subacquei non certificati di scoprire le meraviglie di questo affascinante ambiente sotto la guida dei nostri istruttori esperti. Verrai introdotto alle basi dell&#8217;immersione, comprese le attrezzature e le regole di sicurezza, e farai pratica delle abilit\u00e0 di base in acque confinate prima di avventurarti in barca in una delle barriere coralline del Burj Al Arab di Dubai. Il tuo istruttore sar\u00e0 al tuo fianco in ogni momento, permettendoti di rilassarti e di goderti i coralli colorati e la vita marina. Che tu stia viaggiando da solo o in gruppo, questa attivit\u00e0 adatta alle famiglie ti dar\u00e0 la possibilit\u00e0 di fare nuove amicizie mentre esplori i fondali marini. Il tuo istruttore catturer\u00e0 anche le foto dei tuoi momenti memorabili, cos\u00ec potrai rilassarti e goderti questo assaggio di immersioni subacquee.<\/p>\n","protected":false},"excerpt":{"rendered":"<p>Scopri un&#8217;esperienza unica esplorando il mondo sottomarino della barriera corallina del Burj Al Arab a Dubai.<\/p>\n","protected":false},"featured_media":6667,"comment_status":"open","ping_status":"closed","template":"","meta":{"_acf_changed":false},"product_brand":[],"product_cat":[144,149],"product_tag":[],"class_list":{"0":"post-7648","1":"product","2":"type-product","3":"status-publish","4":"has-post-thumbnail","6":"product_cat-attivita-acquatiche","7":"product_cat-attivita-combinate","9":"first","10":"instock","11":"shipping-taxable","12":"purchasable","13":"product-type-simple"},"acf":[],"_links":{"self":[{"href":"https:\/\/bleudubai.com\/it\/wp-json\/wp\/v2\/product\/7648","targetHints":{"allow":["GET"]}}],"collection":[{"href":"https:\/\/bleudubai.com\/it\/wp-json\/wp\/v2\/product"}],"about":[{"href":"https:\/\/bleudubai.com\/it\/wp-json\/wp\/v2\/types\/product"}],"replies":[{"embeddable":true,"href":"https:\/\/bleudubai.com\/it\/wp-json\/wp\/v2\/comments?post=7648"}],"wp:featuredmedia":[{"embeddable":true,"href":"https:\/\/bleudubai.com\/it\/wp-json\/wp\/v2\/media\/6667"}],"wp:attachment":[{"href":"https:\/\/bleudubai.com\/it\/wp-json\/wp\/v2\/media?parent=7648"}],"wp:term":[{"taxonomy":"product_brand","embeddable":true,"href":"https:\/\/bleudubai.com\/it\/wp-json\/wp\/v2\/product_brand?post=7648"},{"taxonomy":"product_cat","embeddable":true,"href":"https:\/\/bleudubai.com\/it\/wp-json\/wp\/v2\/product_cat?post=7648"},{"taxonomy":"product_tag","embeddable":true,"href":"https:\/\/bleudubai.com\/it\/wp-json\/wp\/v2\/product_tag?post=7648"}],"curies":[{"name":"wp","href":"https:\/\/api.w.org\/{rel}","templated":true}]}}