{"id":7660,"date":"2024-09-01T19:38:13","date_gmt":"2024-09-01T19:38:13","guid":{"rendered":"https:\/\/bleudubai.com\/product\/esplora-palm-jumeirah-in-stand-up-paddle-durata-60-minuti\/"},"modified":"2025-10-01T18:29:21","modified_gmt":"2025-10-01T14:29:21","slug":"esplora-palm-jumeirah-in-stand-up-paddle-durata-60-minuti","status":"publish","type":"product","link":"https:\/\/bleudubai.com\/it\/prodotto\/esplora-palm-jumeirah-in-stand-up-paddle-durata-60-minuti\/","title":{"rendered":"Esplora Palm Jumeirah con lo Stand Up Paddle &#8211; Durata 60 minuti"},"content":{"rendered":"<p>Parti per un&#8217;avventura di Stand Up Paddle sulle acque scintillanti di Palm Jumeirah. Trova il tuo equilibrio sulla tavola e goditi la libert\u00e0 di scivolare lungo quest&#8217;isola iconica. Fuggi dal ritmo frenetico della citt\u00e0, assorbi il sole sul viso e lasciati trasportare dalla brezza marina. Questa attivit\u00e0 \u00e8 adatta a tutti i livelli e offriamo una sessione di allenamento gratuita di 15 minuti per i principianti. Invita i tuoi amici e la tua famiglia a condividere con te questa esperienza indimenticabile.<\/p>\n","protected":false},"excerpt":{"rendered":"<p>Scopri Palm Jumeirah dall&#8217;acqua con un&#8217;esperienza di Stand Up Paddle. Noleggia una tavola e ammira le viste mozzafiato su Dubai. Goditi il tramonto o l&#8217;alba sul magnifico skyline.  <\/p>\n","protected":false},"featured_media":6652,"comment_status":"open","ping_status":"closed","template":"","meta":{"_acf_changed":false},"product_brand":[],"product_cat":[144,164],"product_tag":[],"class_list":{"0":"post-7660","1":"product","2":"type-product","3":"status-publish","4":"has-post-thumbnail","6":"product_cat-attivita-acquatiche","7":"product_cat-attivita-familiari","9":"first","10":"instock","11":"shipping-taxable","12":"purchasable","13":"product-type-simple"},"acf":[],"_links":{"self":[{"href":"https:\/\/bleudubai.com\/it\/wp-json\/wp\/v2\/product\/7660","targetHints":{"allow":["GET"]}}],"collection":[{"href":"https:\/\/bleudubai.com\/it\/wp-json\/wp\/v2\/product"}],"about":[{"href":"https:\/\/bleudubai.com\/it\/wp-json\/wp\/v2\/types\/product"}],"replies":[{"embeddable":true,"href":"https:\/\/bleudubai.com\/it\/wp-json\/wp\/v2\/comments?post=7660"}],"wp:featuredmedia":[{"embeddable":true,"href":"https:\/\/bleudubai.com\/it\/wp-json\/wp\/v2\/media\/6652"}],"wp:attachment":[{"href":"https:\/\/bleudubai.com\/it\/wp-json\/wp\/v2\/media?parent=7660"}],"wp:term":[{"taxonomy":"product_brand","embeddable":true,"href":"https:\/\/bleudubai.com\/it\/wp-json\/wp\/v2\/product_brand?post=7660"},{"taxonomy":"product_cat","embeddable":true,"href":"https:\/\/bleudubai.com\/it\/wp-json\/wp\/v2\/product_cat?post=7660"},{"taxonomy":"product_tag","embeddable":true,"href":"https:\/\/bleudubai.com\/it\/wp-json\/wp\/v2\/product_tag?post=7660"}],"curies":[{"name":"wp","href":"https:\/\/api.w.org\/{rel}","templated":true}]}}