{"id":7691,"date":"2024-09-01T19:38:35","date_gmt":"2024-09-01T19:38:35","guid":{"rendered":"https:\/\/bleudubai.com\/product\/tour-guidato-di-immersione-in-apnea-a-fujairah-con-pranzo-barbecue\/"},"modified":"2024-11-11T20:33:54","modified_gmt":"2024-11-11T20:33:54","slug":"tour-guidato-di-immersione-in-apnea-a-fujairah-con-pranzo-barbecue","status":"publish","type":"product","link":"https:\/\/bleudubai.com\/it\/prodotto\/tour-guidato-di-immersione-in-apnea-a-fujairah-con-pranzo-barbecue\/","title":{"rendered":"Tour guidato di snorkeling a Fujairah con pranzo al barbecue"},"content":{"rendered":"<p>Scopri l&#8217;affascinante vita dei pesci esotici che popolano le acque di Fujairah semplicemente indossando maschera e boccaglio. Questa attivit\u00e0 sicura e divertente, adatta a tutte le et\u00e0, ti permetter\u00e0 di esplorare i magnifici coralli e i banchi di pesci colorati che popolano questa regione. Ti verr\u00e0 fornita tutta l&#8217;attrezzatura necessaria, tra cui maschera, boccaglio e pinne. Sono disponibili anche giubbotti di salvataggio per chi preferisce un supporto in superficie e il nostro team di guide professionali per lo snorkeling \u00e8 a disposizione su richiesta. Una volta raggiunto il sito di snorkeling, ti baster\u00e0 indossare l&#8217;attrezzatura e tuffarti per iniziare la tua avventura. Esplora l&#8217;incredibile mondo sottomarino, osserva la bellezza sotto la superficie dell&#8217;acqua e incontra una variet\u00e0 di creature marine, tra cui tartarughe, razze e forse anche squali. La nostra lussuosa barca per immersioni ti accompagner\u00e0 per tutto il giorno, offrendoti servizi igienici a bordo, lettini e bevande per mantenerti idratato durante la tua esperienza di snorkeling. La tua guida esperta selezioner\u00e0 i migliori siti di snorkeling in base alle condizioni meteo e del mare. Ogni escursione prevede la visita di due siti diversi, che offrono una variet\u00e0 di esplorazioni subacquee. Alla fine della giornata, ti aspetta un delizioso pranzo al barbecue. Durante il tragitto, faremo due soste per ammirare la famosa cascata di Khorfakkan e godere della vista panoramica dell&#8217;anfiteatro di Khorfakkan.<\/p>\n","protected":false},"excerpt":{"rendered":"<p>Scopri la vita acquatica mozzafiato di Fujairah con un&#8217;escursione di snorkeling. Non \u00e8 necessario essere un subacqueo per esplorare i luoghi spettacolari di Fujairah e gustare un delizioso pranzo al barbecue. <\/p>\n","protected":false},"featured_media":6727,"comment_status":"open","ping_status":"closed","template":"","meta":{"_acf_changed":false},"product_brand":[],"product_cat":[144,149,164,169],"product_tag":[],"class_list":{"0":"post-7691","1":"product","2":"type-product","3":"status-publish","4":"has-post-thumbnail","6":"product_cat-attivita-acquatiche","7":"product_cat-attivita-combinate","8":"product_cat-attivita-familiari","9":"product_cat-attivita-imperdibili","11":"first","12":"instock","13":"shipping-taxable","14":"purchasable","15":"product-type-simple"},"acf":[],"_links":{"self":[{"href":"https:\/\/bleudubai.com\/it\/wp-json\/wp\/v2\/product\/7691","targetHints":{"allow":["GET"]}}],"collection":[{"href":"https:\/\/bleudubai.com\/it\/wp-json\/wp\/v2\/product"}],"about":[{"href":"https:\/\/bleudubai.com\/it\/wp-json\/wp\/v2\/types\/product"}],"replies":[{"embeddable":true,"href":"https:\/\/bleudubai.com\/it\/wp-json\/wp\/v2\/comments?post=7691"}],"wp:featuredmedia":[{"embeddable":true,"href":"https:\/\/bleudubai.com\/it\/wp-json\/wp\/v2\/media\/6727"}],"wp:attachment":[{"href":"https:\/\/bleudubai.com\/it\/wp-json\/wp\/v2\/media?parent=7691"}],"wp:term":[{"taxonomy":"product_brand","embeddable":true,"href":"https:\/\/bleudubai.com\/it\/wp-json\/wp\/v2\/product_brand?post=7691"},{"taxonomy":"product_cat","embeddable":true,"href":"https:\/\/bleudubai.com\/it\/wp-json\/wp\/v2\/product_cat?post=7691"},{"taxonomy":"product_tag","embeddable":true,"href":"https:\/\/bleudubai.com\/it\/wp-json\/wp\/v2\/product_tag?post=7691"}],"curies":[{"name":"wp","href":"https:\/\/api.w.org\/{rel}","templated":true}]}}