{"id":7743,"date":"2024-09-01T19:38:12","date_gmt":"2024-09-01T15:38:12","guid":{"rendered":"https:\/\/bleudubai.com\/product\/escursione-en-jet-ski-offrant-les-belles-vues-de-dubai\/"},"modified":"2025-11-30T14:01:25","modified_gmt":"2025-11-30T10:01:25","slug":"escursione-en-jet-ski-offrant-les-belles-vues-de-dubai","status":"publish","type":"product","link":"https:\/\/bleudubai.com\/it\/prodotto\/escursione-en-jet-ski-offrant-les-belles-vues-de-dubai\/","title":{"rendered":"Escursione in moto d&#8217;acqua che offre la migliore vista di Dubai"},"content":{"rendered":"<p>Scopri l&#8217;impressionante costa e gli imponenti grattacieli di Dubai con una divertente crociera e un&#8217;emozionante avventura in moto d&#8217;acqua.<br \/>\nPuoi scegliere tra tre itinerari e condividere la moto d&#8217;acqua con due persone: giro di 20 minuti Dubai skyline: goditi un giro sulla spiaggia con la famosa torre Burj Khalifa sullo sfondo. Giro di 30 minuti verso il Burj Al Arab: goditi un giro in moto d&#8217;acqua di 30 minuti per una scarica di adrenalina. Ammira lo skyline della citt\u00e0 dal mare e passa accanto all&#8217;iconico Burj Al Arab per scattare foto e fare video. Escursione di 60 minuti al Burj Al Arab e al best seller Royal Atlantis: Fai una prima sosta davanti al nuovo e lussuoso hotel Royal Atlantis, seguita da una seconda sosta davanti al famoso Burj Al Arab. Tour di Palm Jumeirah di 90 minuti: scopri i luoghi pi\u00f9 iconici di Dubai, tra cui JBR, la ruota panoramica di Ain Dubai, l&#8217;Atlantis e il Burj Al Arab. Questo tour \u00e8 perfetto per chi ha gi\u00e0 esperienza di moto d&#8217;acqua ed \u00e8 alla ricerca di un nuovo brivido. I nostri istruttori ti accompagneranno per tutta la durata del giro, adattando la velocit\u00e0 in base al tuo livello e ai tuoi desideri. Tutte le nostre macchine vanno dal 2022 al 2023.<\/p>\n","protected":false},"excerpt":{"rendered":"<p>Goditi un giro in moto d&#8217;acqua lungo la costa di Dubai. Ammira il Burj Khalifa, il Burj Al Arab e gli altri grattacieli di Dubai mentre attraversi il Golfo Persico. <\/p>\n","protected":false},"featured_media":6607,"comment_status":"open","ping_status":"closed","template":"","meta":{"_acf_changed":false},"product_brand":[],"product_cat":[144,169,194,179,204],"product_tag":[],"class_list":{"0":"post-7743","1":"product","2":"type-product","3":"status-publish","4":"has-post-thumbnail","6":"product_cat-attivita-acquatiche","7":"product_cat-attivita-imperdibili","8":"product_cat-i-must-have","9":"product_cat-passeggiata-in-barca","10":"product_cat-sport-e-adrenalina","12":"first","13":"instock","14":"featured","15":"shipping-taxable","16":"purchasable","17":"product-type-simple"},"acf":[],"_links":{"self":[{"href":"https:\/\/bleudubai.com\/it\/wp-json\/wp\/v2\/product\/7743","targetHints":{"allow":["GET"]}}],"collection":[{"href":"https:\/\/bleudubai.com\/it\/wp-json\/wp\/v2\/product"}],"about":[{"href":"https:\/\/bleudubai.com\/it\/wp-json\/wp\/v2\/types\/product"}],"replies":[{"embeddable":true,"href":"https:\/\/bleudubai.com\/it\/wp-json\/wp\/v2\/comments?post=7743"}],"wp:featuredmedia":[{"embeddable":true,"href":"https:\/\/bleudubai.com\/it\/wp-json\/wp\/v2\/media\/6607"}],"wp:attachment":[{"href":"https:\/\/bleudubai.com\/it\/wp-json\/wp\/v2\/media?parent=7743"}],"wp:term":[{"taxonomy":"product_brand","embeddable":true,"href":"https:\/\/bleudubai.com\/it\/wp-json\/wp\/v2\/product_brand?post=7743"},{"taxonomy":"product_cat","embeddable":true,"href":"https:\/\/bleudubai.com\/it\/wp-json\/wp\/v2\/product_cat?post=7743"},{"taxonomy":"product_tag","embeddable":true,"href":"https:\/\/bleudubai.com\/it\/wp-json\/wp\/v2\/product_tag?post=7743"}],"curies":[{"name":"wp","href":"https:\/\/api.w.org\/{rel}","templated":true}]}}