{"id":7752,"date":"2024-09-01T19:37:29","date_gmt":"2024-09-01T19:37:29","guid":{"rendered":"https:\/\/bleudubai.com\/product\/sessione-di-sci-di-2-ore-o-di-un-giorno-intero-a-sci-dubai\/"},"modified":"2024-11-11T21:23:35","modified_gmt":"2024-11-11T21:23:35","slug":"sessione-di-sci-di-2-ore-o-di-un-giorno-intero-a-sci-dubai","status":"publish","type":"product","link":"https:\/\/bleudubai.com\/it\/prodotto\/sessione-di-sci-di-2-ore-o-di-un-giorno-intero-a-sci-dubai\/","title":{"rendered":"Sessione di sci di 2 ore o di un&#8217;intera giornata a Ski Dubai"},"content":{"rendered":"<p>Sfrutta al meglio il tuo soggiorno a Dubai con un pass giornaliero o una sessione di 2 ore allo Ski Dubai. Divertiti sulle nostre 5 piste da sci, che offrono una variet\u00e0 di difficolt\u00e0, altezze e pendenze. Scendi sulla pista pi\u00f9 lunga, lunga 400 metri e con un dislivello di oltre 60 metri. Mettiti alla prova con la prima pista nera coperta del mondo o scegli le piste per principianti per migliorare le tue curve. Non c&#8217;\u00e8 bisogno di mettere in valigia attrezzatura da sci o vestiti caldi: ti forniamo abbigliamento da sci, scarponi, sci e bastoncini. Dopo una corsa, approfitta della seggiovia a 4 posti o dello skilift per salire facilmente in cima alle piste. Se lo desideri, puoi prendere lezioni con il nostro team di istruttori professionisti. Puoi anche approfittare del nostro esclusivo negozio e dei caff\u00e8 St Moritz e Avalanche.<\/p>\n","protected":false},"excerpt":{"rendered":"<p>Scopri la pi\u00f9 grande stazione sciistica al coperto del Medio Oriente con un pass di un giorno o una sessione di 2 ore. Sfuggi al caldo di Dubai e goditi i piaceri dello sci e dello snowboard in questo parco unico. Il pass include abbigliamento e attrezzatura da sci.  <\/p>\n","protected":false},"featured_media":6442,"comment_status":"open","ping_status":"closed","template":"","meta":{"_acf_changed":false},"product_brand":[],"product_cat":[149,164,199],"product_tag":[],"class_list":{"0":"post-7752","1":"product","2":"type-product","3":"status-publish","4":"has-post-thumbnail","6":"product_cat-attivita-combinate","7":"product_cat-attivita-familiari","8":"product_cat-parchi-di-divertimento","10":"first","11":"instock","12":"shipping-taxable","13":"purchasable","14":"product-type-simple"},"acf":[],"_links":{"self":[{"href":"https:\/\/bleudubai.com\/it\/wp-json\/wp\/v2\/product\/7752","targetHints":{"allow":["GET"]}}],"collection":[{"href":"https:\/\/bleudubai.com\/it\/wp-json\/wp\/v2\/product"}],"about":[{"href":"https:\/\/bleudubai.com\/it\/wp-json\/wp\/v2\/types\/product"}],"replies":[{"embeddable":true,"href":"https:\/\/bleudubai.com\/it\/wp-json\/wp\/v2\/comments?post=7752"}],"wp:featuredmedia":[{"embeddable":true,"href":"https:\/\/bleudubai.com\/it\/wp-json\/wp\/v2\/media\/6442"}],"wp:attachment":[{"href":"https:\/\/bleudubai.com\/it\/wp-json\/wp\/v2\/media?parent=7752"}],"wp:term":[{"taxonomy":"product_brand","embeddable":true,"href":"https:\/\/bleudubai.com\/it\/wp-json\/wp\/v2\/product_brand?post=7752"},{"taxonomy":"product_cat","embeddable":true,"href":"https:\/\/bleudubai.com\/it\/wp-json\/wp\/v2\/product_cat?post=7752"},{"taxonomy":"product_tag","embeddable":true,"href":"https:\/\/bleudubai.com\/it\/wp-json\/wp\/v2\/product_tag?post=7752"}],"curies":[{"name":"wp","href":"https:\/\/api.w.org\/{rel}","templated":true}]}}