{"id":7771,"date":"2024-09-01T19:37:29","date_gmt":"2024-09-01T15:37:29","guid":{"rendered":"https:\/\/bleudubai.com\/product\/biglietto-per-1-parcheggio-a-dubai-con-trasferimenti-inclusi\/"},"modified":"2024-11-11T21:31:08","modified_gmt":"2024-11-11T21:31:08","slug":"biglietto-per-1-parcheggio-a-dubai-con-trasferimenti-inclusi","status":"publish","type":"product","link":"https:\/\/bleudubai.com\/it\/prodotto\/biglietto-per-1-parcheggio-a-dubai-con-trasferimenti-inclusi\/","title":{"rendered":"Biglietto per 1 parco a tua scelta a Dubai, compresi i trasferimenti"},"content":{"rendered":"<p>Goditi i migliori parchi a tema con Dubai Parks. Goditi una giornata in uno dei parchi pi\u00f9 famosi di Dubai: Motiongate, Bollywood, Legoland o Legoland Waterpark. Il biglietto d&#8217;ingresso include il trasporto, rendendo l&#8217;esperienza pi\u00f9 semplice. \u00c8 un&#8217;ottima occasione per trascorrere del tempo di qualit\u00e0 con i tuoi figli e partecipare a divertenti attivit\u00e0.<\/p>\n","protected":false},"excerpt":{"rendered":"<p>Trasporto incluso nel biglietto! Accesso ai parchi pi\u00f9 famosi di Dubai: 1 Motiongate, 2 Bollywood, 3 Legoland, 4 Legoland Waterpark. <\/p>\n","protected":false},"featured_media":6397,"comment_status":"open","ping_status":"closed","template":"","meta":{"_acf_changed":false},"product_brand":[],"product_cat":[149,164,199],"product_tag":[],"class_list":{"0":"post-7771","1":"product","2":"type-product","3":"status-publish","4":"has-post-thumbnail","6":"product_cat-attivita-combinate","7":"product_cat-attivita-familiari","8":"product_cat-parchi-di-divertimento","10":"first","11":"instock","12":"shipping-taxable","13":"purchasable","14":"product-type-simple"},"acf":[],"_links":{"self":[{"href":"https:\/\/bleudubai.com\/it\/wp-json\/wp\/v2\/product\/7771","targetHints":{"allow":["GET"]}}],"collection":[{"href":"https:\/\/bleudubai.com\/it\/wp-json\/wp\/v2\/product"}],"about":[{"href":"https:\/\/bleudubai.com\/it\/wp-json\/wp\/v2\/types\/product"}],"replies":[{"embeddable":true,"href":"https:\/\/bleudubai.com\/it\/wp-json\/wp\/v2\/comments?post=7771"}],"wp:featuredmedia":[{"embeddable":true,"href":"https:\/\/bleudubai.com\/it\/wp-json\/wp\/v2\/media\/6397"}],"wp:attachment":[{"href":"https:\/\/bleudubai.com\/it\/wp-json\/wp\/v2\/media?parent=7771"}],"wp:term":[{"taxonomy":"product_brand","embeddable":true,"href":"https:\/\/bleudubai.com\/it\/wp-json\/wp\/v2\/product_brand?post=7771"},{"taxonomy":"product_cat","embeddable":true,"href":"https:\/\/bleudubai.com\/it\/wp-json\/wp\/v2\/product_cat?post=7771"},{"taxonomy":"product_tag","embeddable":true,"href":"https:\/\/bleudubai.com\/it\/wp-json\/wp\/v2\/product_tag?post=7771"}],"curies":[{"name":"wp","href":"https:\/\/api.w.org\/{rel}","templated":true}]}}