{"id":7811,"date":"2024-09-01T19:37:52","date_gmt":"2024-09-01T15:37:52","guid":{"rendered":"https:\/\/bleudubai.com\/product\/speed-boat-90-min-prendere-il-comando-e-velare-la-tua-nave\/"},"modified":"2024-11-11T20:53:38","modified_gmt":"2024-11-11T20:53:38","slug":"speed-boat-90-min-prendere-il-comando-e-velare-la-tua-nave","status":"publish","type":"product","link":"https:\/\/bleudubai.com\/it\/prodotto\/speed-boat-90-min-prendere-il-comando-e-velare-la-tua-nave\/","title":{"rendered":"Speed Boat 90 min: Prendi il controllo e naviga a tuo piacimento"},"content":{"rendered":"<p>Naviga nel Golfo Arabico ed esplora l&#8217;iconica costa di Dubai con un&#8217;avventura guidata di 90 minuti alla guida della tua barca. Questo tour \u00e8 pensato per i pi\u00f9 avventurosi che vogliono vivere la costa di Dubai in modo esilarante. Raggiungi velocit\u00e0 fino a 50 km\/h in questa divertente e sicura esperienza di navigazione. Ammira luoghi famosi come Palm Jumeirah, Atlantis, The Palm, Burj Al Arab e Ain Dubai, la ruota panoramica pi\u00f9 grande del mondo. Prendi il controllo della tua esperienza guidando la tua barca e fermati lungo il percorso per catturare scatti perfetti dei luoghi pi\u00f9 famosi di Dubai. I gommoni offrono un&#8217;esperienza divertente come le moto d&#8217;acqua, ma in totale sicurezza, adatta a tutta la famiglia.<\/p>\n","protected":false},"excerpt":{"rendered":"<p>Prendi il timone di una barca HERO ed esplora l&#8217;iconica costa di Dubai a velocit\u00e0 incredibili. Un&#8217;alternativa divertente alle tradizionali visite turistiche, scopri il Burj Al Arab e l&#8217;Atlantis, the Palm in questa indimenticabile avventura marina. <\/p>\n","protected":false},"featured_media":6577,"comment_status":"open","ping_status":"closed","template":"","meta":{"_acf_changed":false},"product_brand":[],"product_cat":[144,179,204],"product_tag":[],"class_list":{"0":"post-7811","1":"product","2":"type-product","3":"status-publish","4":"has-post-thumbnail","6":"product_cat-attivita-acquatiche","7":"product_cat-passeggiata-in-barca","8":"product_cat-sport-e-adrenalina","10":"first","11":"instock","12":"shipping-taxable","13":"purchasable","14":"product-type-simple"},"acf":[],"_links":{"self":[{"href":"https:\/\/bleudubai.com\/it\/wp-json\/wp\/v2\/product\/7811","targetHints":{"allow":["GET"]}}],"collection":[{"href":"https:\/\/bleudubai.com\/it\/wp-json\/wp\/v2\/product"}],"about":[{"href":"https:\/\/bleudubai.com\/it\/wp-json\/wp\/v2\/types\/product"}],"replies":[{"embeddable":true,"href":"https:\/\/bleudubai.com\/it\/wp-json\/wp\/v2\/comments?post=7811"}],"wp:featuredmedia":[{"embeddable":true,"href":"https:\/\/bleudubai.com\/it\/wp-json\/wp\/v2\/media\/6577"}],"wp:attachment":[{"href":"https:\/\/bleudubai.com\/it\/wp-json\/wp\/v2\/media?parent=7811"}],"wp:term":[{"taxonomy":"product_brand","embeddable":true,"href":"https:\/\/bleudubai.com\/it\/wp-json\/wp\/v2\/product_brand?post=7811"},{"taxonomy":"product_cat","embeddable":true,"href":"https:\/\/bleudubai.com\/it\/wp-json\/wp\/v2\/product_cat?post=7811"},{"taxonomy":"product_tag","embeddable":true,"href":"https:\/\/bleudubai.com\/it\/wp-json\/wp\/v2\/product_tag?post=7811"}],"curies":[{"name":"wp","href":"https:\/\/api.w.org\/{rel}","templated":true}]}}