{"id":7941,"date":"2024-09-01T19:37:28","date_gmt":"2024-09-01T19:37:28","guid":{"rendered":"https:\/\/bleudubai.com\/product\/kayak-con-i-delfini-allatlantis-dolphin-bay\/"},"modified":"2024-11-13T08:39:13","modified_gmt":"2024-11-13T08:39:13","slug":"kayak-con-i-delfini-allatlantis-dolphin-bay","status":"publish","type":"product","link":"https:\/\/bleudubai.com\/it\/prodotto\/kayak-con-i-delfini-allatlantis-dolphin-bay\/","title":{"rendered":"Kayak con i delfini all&#8217;Atlantis Dolphin Bay"},"content":{"rendered":"<p>Provate l&#8217;emozione di andare in kayak accanto ai delfini residenti nella splendida laguna di Dolphin Bay di Atlantis.<\/p>\n<p>Circondati da un lussureggiante scenario tropicale, avrete l&#8217;opportunit\u00e0 di avvicinarvi ai delfini curiosi, che potrebbero anche avvicinarsi al vostro kayak per un momento magico.<\/p>\n<p>Questa esperienza in kayak \u00e8 sia un&#8217;attivit\u00e0 di arricchimento dei delfini che un&#8217;opportunit\u00e0 divertente per conoscere il loro comportamento in modo coinvolgente.<\/p>\n","protected":false},"excerpt":{"rendered":"<p>Tuffatevi nell&#8217;avventura del kayak accanto ai delfini all&#8217;Atlantis Dolphin Bay. Esplorate una magnifica laguna tropicale e vivete momenti indimenticabili con queste maestose creature. <\/p>\n","protected":false},"featured_media":6292,"comment_status":"open","ping_status":"closed","template":"","meta":{"_acf_changed":false},"product_brand":[],"product_cat":[144,204],"product_tag":[],"class_list":{"0":"post-7941","1":"product","2":"type-product","3":"status-publish","4":"has-post-thumbnail","6":"product_cat-attivita-acquatiche","7":"product_cat-sport-e-adrenalina","9":"first","10":"instock","11":"shipping-taxable","12":"purchasable","13":"product-type-simple"},"acf":[],"_links":{"self":[{"href":"https:\/\/bleudubai.com\/it\/wp-json\/wp\/v2\/product\/7941","targetHints":{"allow":["GET"]}}],"collection":[{"href":"https:\/\/bleudubai.com\/it\/wp-json\/wp\/v2\/product"}],"about":[{"href":"https:\/\/bleudubai.com\/it\/wp-json\/wp\/v2\/types\/product"}],"replies":[{"embeddable":true,"href":"https:\/\/bleudubai.com\/it\/wp-json\/wp\/v2\/comments?post=7941"}],"wp:featuredmedia":[{"embeddable":true,"href":"https:\/\/bleudubai.com\/it\/wp-json\/wp\/v2\/media\/6292"}],"wp:attachment":[{"href":"https:\/\/bleudubai.com\/it\/wp-json\/wp\/v2\/media?parent=7941"}],"wp:term":[{"taxonomy":"product_brand","embeddable":true,"href":"https:\/\/bleudubai.com\/it\/wp-json\/wp\/v2\/product_brand?post=7941"},{"taxonomy":"product_cat","embeddable":true,"href":"https:\/\/bleudubai.com\/it\/wp-json\/wp\/v2\/product_cat?post=7941"},{"taxonomy":"product_tag","embeddable":true,"href":"https:\/\/bleudubai.com\/it\/wp-json\/wp\/v2\/product_tag?post=7941"}],"curies":[{"name":"wp","href":"https:\/\/api.w.org\/{rel}","templated":true}]}}