{"id":7952,"date":"2024-09-01T19:37:27","date_gmt":"2024-09-01T19:37:27","guid":{"rendered":"https:\/\/bleudubai.com\/product\/immergersi-e-giocare-con-i-delfini-allatlantis\/"},"modified":"2024-11-13T09:01:47","modified_gmt":"2024-11-13T09:01:47","slug":"immergersi-e-giocare-con-i-delfini-allatlantis","status":"publish","type":"product","link":"https:\/\/bleudubai.com\/it\/prodotto\/immergersi-e-giocare-con-i-delfini-allatlantis\/","title":{"rendered":"Immergersi e giocare con i delfini all&#8217;Atlantis"},"content":{"rendered":"<p>Nuotare con i delfini a Dubai: un&#8217;avventura indimenticabile Divertente programma completo di avvistamento dei delfini per tutta la famiglia Un&#8217;esperienza educativa con esperti di mammiferi marini Scoprite il programma di avvistamento dei delfini pi\u00f9 completo di Dubai. I nostri esperti vi insegneranno tutto su questi intelligenti mammiferi marini e sui loro comportamenti. Il programma \u00e8 aperto a tutte le et\u00e0 e a tutte le capacit\u00e0 natatorie. Vi divertirete come non mai con la famiglia e gli amici. Un incontro unico con i delfini in acque cristalline e poco profonde Vivete un incontro unico con i delfini in acque cristalline e poco profonde. Guadando la vita, potrete ammirare le loro doti e giocare con loro. Questa indimenticabile avventura \u00e8 adatta a tutte le et\u00e0, anche a chi non nuota. Momenti di divertimento in un complesso di fama mondiale. Dopo questo incontro unico con i delfini, il divertimento continua sugli scivoli e sulle giostre da brivido di Aquaventure, famose in tutto il mondo. Potrete anche godere delle numerose spiagge private e confortevoli disponibili in questo magnifico complesso.<\/p>\n","protected":false},"excerpt":{"rendered":"<p>Scoprite l&#8217;esperienza indimenticabile di nuotare con i delfini a Dubai! Il nostro programma completo di dolphin-watching vi permette di scoprire questi intelligenti mammiferi marini in acque cristalline e poco profonde. <\/p>\n","protected":false},"featured_media":6127,"comment_status":"open","ping_status":"closed","template":"","meta":{"_acf_changed":false},"product_brand":[],"product_cat":[164,199],"product_tag":[],"class_list":{"0":"post-7952","1":"product","2":"type-product","3":"status-publish","4":"has-post-thumbnail","6":"product_cat-attivita-familiari","7":"product_cat-parchi-di-divertimento","9":"first","10":"instock","11":"shipping-taxable","12":"purchasable","13":"product-type-simple"},"acf":[],"_links":{"self":[{"href":"https:\/\/bleudubai.com\/it\/wp-json\/wp\/v2\/product\/7952","targetHints":{"allow":["GET"]}}],"collection":[{"href":"https:\/\/bleudubai.com\/it\/wp-json\/wp\/v2\/product"}],"about":[{"href":"https:\/\/bleudubai.com\/it\/wp-json\/wp\/v2\/types\/product"}],"replies":[{"embeddable":true,"href":"https:\/\/bleudubai.com\/it\/wp-json\/wp\/v2\/comments?post=7952"}],"wp:featuredmedia":[{"embeddable":true,"href":"https:\/\/bleudubai.com\/it\/wp-json\/wp\/v2\/media\/6127"}],"wp:attachment":[{"href":"https:\/\/bleudubai.com\/it\/wp-json\/wp\/v2\/media?parent=7952"}],"wp:term":[{"taxonomy":"product_brand","embeddable":true,"href":"https:\/\/bleudubai.com\/it\/wp-json\/wp\/v2\/product_brand?post=7952"},{"taxonomy":"product_cat","embeddable":true,"href":"https:\/\/bleudubai.com\/it\/wp-json\/wp\/v2\/product_cat?post=7952"},{"taxonomy":"product_tag","embeddable":true,"href":"https:\/\/bleudubai.com\/it\/wp-json\/wp\/v2\/product_tag?post=7952"}],"curies":[{"name":"wp","href":"https:\/\/api.w.org\/{rel}","templated":true}]}}