{"id":7955,"date":"2024-09-01T19:37:28","date_gmt":"2024-09-01T19:37:28","guid":{"rendered":"https:\/\/bleudubai.com\/product\/immersione-subacquea-con-certificato-di-esploratore-presso-il-parco-acquatico-atlantis\/"},"modified":"2025-12-14T22:32:06","modified_gmt":"2025-12-14T18:32:06","slug":"immersione-subacquea-con-certificato-di-esploratore-presso-il-parco-acquatico-atlantis","status":"publish","type":"product","link":"https:\/\/bleudubai.com\/it\/prodotto\/immersione-subacquea-con-certificato-di-esploratore-presso-il-parco-acquatico-atlantis\/","title":{"rendered":"Immersione subacquea con certificato di esploratore presso il parco acquatico Atlantis"},"content":{"rendered":"<p>Immersione subacquea con certificato di esploratore presso il parco acquatico Atlantis<\/p>\n<p>Esplorate le misteriose rovine di Atlantide nella Laguna degli Ambasciatori, che ospita 65.000 animali marini. Questa attivit\u00e0 \u00e8 riservata ai subacquei certificati ed \u00e8 aperta ai subacquei dai 10 anni in su. Scoprite i segreti nascosti di Atlantide nella Laguna Ambassador dell&#8217;Atlantis the Palm con la nostra esclusiva attivit\u00e0 di immersione subacquea. Con questa esperienza, potrete immergervi nel nostro pi\u00f9 grande habitat marino in acque libere, accompagnati da un istruttore esperto. Il nostro team di esperti di immersioni \u00e8 a disposizione per guidarvi nell&#8217;esplorazione. Potrete scoprire le rovine di Atlantide insieme a pesci, razze e squali di barriera. Vi forniamo tutta l&#8217;attrezzatura necessaria per vivere al meglio questa esperienza unica. Il voucher \u00e8 valido per l&#8217;intera giornata della prenotazione e vi dar\u00e0 anche accesso all&#8217;acquario The Lost Chambers. <\/p>\n","protected":false},"excerpt":{"rendered":"<p>Immergetevi nelle profondit\u00e0 di Atlantis con la nostra esclusiva escursione al parco acquatico Atlantis. Scoprite migliaia di animali marini ed esplorate la Laguna degli Ambasciatori. <\/p>\n","protected":false},"featured_media":6163,"comment_status":"open","ping_status":"closed","template":"","meta":{"_acf_changed":false},"product_brand":[],"product_cat":[144,199],"product_tag":[],"class_list":{"0":"post-7955","1":"product","2":"type-product","3":"status-publish","4":"has-post-thumbnail","6":"product_cat-attivita-acquatiche","7":"product_cat-parchi-di-divertimento","9":"first","10":"instock","11":"shipping-taxable","12":"purchasable","13":"product-type-simple"},"acf":[],"_links":{"self":[{"href":"https:\/\/bleudubai.com\/it\/wp-json\/wp\/v2\/product\/7955","targetHints":{"allow":["GET"]}}],"collection":[{"href":"https:\/\/bleudubai.com\/it\/wp-json\/wp\/v2\/product"}],"about":[{"href":"https:\/\/bleudubai.com\/it\/wp-json\/wp\/v2\/types\/product"}],"replies":[{"embeddable":true,"href":"https:\/\/bleudubai.com\/it\/wp-json\/wp\/v2\/comments?post=7955"}],"wp:featuredmedia":[{"embeddable":true,"href":"https:\/\/bleudubai.com\/it\/wp-json\/wp\/v2\/media\/6163"}],"wp:attachment":[{"href":"https:\/\/bleudubai.com\/it\/wp-json\/wp\/v2\/media?parent=7955"}],"wp:term":[{"taxonomy":"product_brand","embeddable":true,"href":"https:\/\/bleudubai.com\/it\/wp-json\/wp\/v2\/product_brand?post=7955"},{"taxonomy":"product_cat","embeddable":true,"href":"https:\/\/bleudubai.com\/it\/wp-json\/wp\/v2\/product_cat?post=7955"},{"taxonomy":"product_tag","embeddable":true,"href":"https:\/\/bleudubai.com\/it\/wp-json\/wp\/v2\/product_tag?post=7955"}],"curies":[{"name":"wp","href":"https:\/\/api.w.org\/{rel}","templated":true}]}}