{"id":7957,"date":"2024-09-01T19:37:28","date_gmt":"2024-09-01T19:37:28","guid":{"rendered":"https:\/\/bleudubai.com\/product\/immersioni-con-squali-con-accesso-al-parco-aquaventure\/"},"modified":"2025-06-03T04:38:36","modified_gmt":"2025-06-03T00:38:36","slug":"immersioni-con-squali-con-accesso-al-parco-aquaventure","status":"publish","type":"product","link":"https:\/\/bleudubai.com\/it\/prodotto\/immersioni-con-squali-con-accesso-al-parco-aquaventure\/","title":{"rendered":"Immersioni con squali con accesso al parco Aquaventure"},"content":{"rendered":"<p>Snorkeling con gli squali all&#8217;Atlantis Water Park Esplorate le profonde acque della Shark Lagoon di Aquaventure e nuotate con gli affascinanti squali e altri incredibili animali marini grazie alla nostra offerta speciale. Accedete al parco acquatico pi\u00f9 grande del mondo e vivete un&#8217;esperienza indimenticabile con la famiglia e gli amici. Prima di iniziare l&#8217;avventura, il nostro team di esperti vi fornir\u00e0 un briefing educativo sugli squali e sul loro habitat naturale. Imparerete a comprendere meglio queste maestose creature e ad apprezzare il loro ruolo nell&#8217;ecosistema marino. Vi forniamo tutta l&#8217;attrezzatura necessaria per la vostra sicurezza e il vostro comfort, compresi giubbotto di salvataggio, maschera e boccaglio. In questo modo potrete concentrarvi sulla vostra esperienza di snorkeling e godervi appieno questa avventura unica. Ci prendiamo cura del vostro benessere fornendovi acqua e bibite in bottiglia per mantenervi idratati durante l&#8217;attivit\u00e0. Oltre a questa esperienza di snorkeling con gli squali, lo stesso giorno avrete accesso completo al parco acquatico Aquaventure. Godetevi tutte le attrazioni, gli scivoli e le piscine per una giornata piena di divertimento ed emozioni con la famiglia e gli amici. Dubai \u00e8 la destinazione perfetta per una vacanza indimenticabile e questa attivit\u00e0 di snorkeling con gli squali all&#8217;Atlantis Water Park \u00e8 un&#8217;esperienza da non perdere.<\/p>\n","protected":false},"excerpt":{"rendered":"<p>Scoprite un&#8217;indimenticabile esperienza di snorkeling con gli squali all&#8217;Atlantis Water Park di Dubai. Oppure godetevi una giornata indimenticabile con la famiglia e gli amici nel parco acquatico pi\u00f9 grande del mondo, Aquaventure. <\/p>\n","protected":false},"featured_media":6172,"comment_status":"open","ping_status":"closed","template":"","meta":{"_acf_changed":false},"product_brand":[],"product_cat":[144,149,169,199],"product_tag":[],"class_list":{"0":"post-7957","1":"product","2":"type-product","3":"status-publish","4":"has-post-thumbnail","6":"product_cat-attivita-acquatiche","7":"product_cat-attivita-combinate","8":"product_cat-attivita-imperdibili","9":"product_cat-parchi-di-divertimento","11":"first","12":"instock","13":"shipping-taxable","14":"purchasable","15":"product-type-simple"},"acf":[],"_links":{"self":[{"href":"https:\/\/bleudubai.com\/it\/wp-json\/wp\/v2\/product\/7957","targetHints":{"allow":["GET"]}}],"collection":[{"href":"https:\/\/bleudubai.com\/it\/wp-json\/wp\/v2\/product"}],"about":[{"href":"https:\/\/bleudubai.com\/it\/wp-json\/wp\/v2\/types\/product"}],"replies":[{"embeddable":true,"href":"https:\/\/bleudubai.com\/it\/wp-json\/wp\/v2\/comments?post=7957"}],"wp:featuredmedia":[{"embeddable":true,"href":"https:\/\/bleudubai.com\/it\/wp-json\/wp\/v2\/media\/6172"}],"wp:attachment":[{"href":"https:\/\/bleudubai.com\/it\/wp-json\/wp\/v2\/media?parent=7957"}],"wp:term":[{"taxonomy":"product_brand","embeddable":true,"href":"https:\/\/bleudubai.com\/it\/wp-json\/wp\/v2\/product_brand?post=7957"},{"taxonomy":"product_cat","embeddable":true,"href":"https:\/\/bleudubai.com\/it\/wp-json\/wp\/v2\/product_cat?post=7957"},{"taxonomy":"product_tag","embeddable":true,"href":"https:\/\/bleudubai.com\/it\/wp-json\/wp\/v2\/product_tag?post=7957"}],"curies":[{"name":"wp","href":"https:\/\/api.w.org\/{rel}","templated":true}]}}