{"id":7634,"date":"2024-09-01T19:38:56","date_gmt":"2024-09-01T15:38:56","guid":{"rendered":"https:\/\/bleudubai.com\/product\/bilhete-dentro-do-museu-do-futuro-descobre-o-futuro\/"},"modified":"2026-02-05T09:20:00","modified_gmt":"2026-02-05T05:20:00","slug":"bilhete-dentro-do-museu-do-futuro-descobre-o-futuro","status":"publish","type":"product","link":"https:\/\/bleudubai.com\/pt-pt\/produto\/bilhete-dentro-do-museu-do-futuro-descobre-o-futuro\/","title":{"rendered":"Bilhete de entrada para o Museu do Futuro: Descobre o Futuro"},"content":{"rendered":"<p>Descobre o Museu do Futuro no Dubai, um local que pretende transformar o mundo, oferecendo uma vis\u00e3o de futuro. Explora esta estrutura arquitet\u00f3nica ic\u00f3nica, uma das mais complexas do mundo. Mergulha em ambientes futuristas imersivos, concebidos para te projetar num futuro inspirador e poderoso. Explora os avan\u00e7os nas viagens espaciais, o desafio das altera\u00e7\u00f5es clim\u00e1ticas e os avan\u00e7os na sa\u00fade, bem-estar e espiritualidade.<br \/>\nDescobre o potencial oferecido pela rob\u00f3tica, pela intelig\u00eancia artificial e por conceitos como o aumento da capacidade humana. Por fim, explora as poss\u00edveis transforma\u00e7\u00f5es na educa\u00e7\u00e3o, nas cidades inteligentes, na energia e nos transportes.<\/p>\n","protected":false},"excerpt":{"rendered":"<p>Mergulha numa poderosa vis\u00e3o do futuro com este bilhete para o Museu do Futuro no Dubai. Viaja 50 anos \u00e0 frente e explora um mundo imaginativo com esta experi\u00eancia \u00fanica. <\/p>\n","protected":false},"featured_media":6803,"comment_status":"open","ping_status":"closed","template":"","meta":{"_acf_changed":false},"product_brand":[],"product_cat":[165,170,185,190],"product_tag":[],"class_list":{"0":"post-7634","1":"product","2":"type-product","3":"status-publish","4":"has-post-thumbnail","6":"product_cat-atividades-familiares","7":"product_cat-atividades-imperdiveis","8":"product_cat-bilhetes-de-entrada","9":"product_cat-city-pass-pt","11":"first","12":"instock","13":"shipping-taxable","14":"purchasable","15":"product-type-simple"},"acf":[],"_links":{"self":[{"href":"https:\/\/bleudubai.com\/pt-pt\/wp-json\/wp\/v2\/product\/7634","targetHints":{"allow":["GET"]}}],"collection":[{"href":"https:\/\/bleudubai.com\/pt-pt\/wp-json\/wp\/v2\/product"}],"about":[{"href":"https:\/\/bleudubai.com\/pt-pt\/wp-json\/wp\/v2\/types\/product"}],"replies":[{"embeddable":true,"href":"https:\/\/bleudubai.com\/pt-pt\/wp-json\/wp\/v2\/comments?post=7634"}],"wp:featuredmedia":[{"embeddable":true,"href":"https:\/\/bleudubai.com\/pt-pt\/wp-json\/wp\/v2\/media\/6803"}],"wp:attachment":[{"href":"https:\/\/bleudubai.com\/pt-pt\/wp-json\/wp\/v2\/media?parent=7634"}],"wp:term":[{"taxonomy":"product_brand","embeddable":true,"href":"https:\/\/bleudubai.com\/pt-pt\/wp-json\/wp\/v2\/product_brand?post=7634"},{"taxonomy":"product_cat","embeddable":true,"href":"https:\/\/bleudubai.com\/pt-pt\/wp-json\/wp\/v2\/product_cat?post=7634"},{"taxonomy":"product_tag","embeddable":true,"href":"https:\/\/bleudubai.com\/pt-pt\/wp-json\/wp\/v2\/product_tag?post=7634"}],"curies":[{"name":"wp","href":"https:\/\/api.w.org\/{rel}","templated":true}]}}