{"id":7644,"date":"2024-09-01T19:38:13","date_gmt":"2024-09-01T19:38:13","guid":{"rendered":"https:\/\/bleudubai.com\/product\/descobre-a-emocao-do-wakeboard-do-esqui-aquatico-e-do-surf-em-palm-jumeirah\/"},"modified":"2024-11-11T20:35:02","modified_gmt":"2024-11-11T20:35:02","slug":"descobre-a-emocao-do-wakeboard-do-esqui-aquatico-e-do-surf-em-palm-jumeirah","status":"publish","type":"product","link":"https:\/\/bleudubai.com\/pt-pt\/produto\/descobre-a-emocao-do-wakeboard-do-esqui-aquatico-e-do-surf-em-palm-jumeirah\/","title":{"rendered":"Descobre as emo\u00e7\u00f5es do wakeboard, do esqui aqu\u00e1tico e do surf em Palm Jumeirah"},"content":{"rendered":"<p>Prepara-te para surfar as ondas da famosa Palm Jumeirah Island! Um instrutor profissional estar\u00e1 \u00e0 tua disposi\u00e7\u00e3o para te orientar e dar conselhos adaptados ao teu n\u00edvel. Encontra o teu equil\u00edbrio e a tua velocidade enquanto p\u00f5es \u00e0 prova as tuas capacidades. Qualquer que seja a tua experi\u00eancia anterior, esta aventura vai deixar-te com um grande sorriso no rosto.<\/p>\n","protected":false},"excerpt":{"rendered":"<p>Escolhe uma das 3 experi\u00eancias de surf, cada uma com a dura\u00e7\u00e3o de 20 minutos. Desfruta de um momento de puro prazer nas ondas de Palm Jumeirah. <\/p>\n","protected":false},"featured_media":6683,"comment_status":"open","ping_status":"closed","template":"","meta":{"_acf_changed":false},"product_brand":[],"product_cat":[145,165,205,180],"product_tag":[],"class_list":{"0":"post-7644","1":"product","2":"type-product","3":"status-publish","4":"has-post-thumbnail","6":"product_cat-atividades-aquaticas","7":"product_cat-atividades-familiares","8":"product_cat-desporto-e-adrenalina","9":"product_cat-passeio-de-barco","11":"first","12":"instock","13":"shipping-taxable","14":"purchasable","15":"product-type-simple"},"acf":[],"_links":{"self":[{"href":"https:\/\/bleudubai.com\/pt-pt\/wp-json\/wp\/v2\/product\/7644","targetHints":{"allow":["GET"]}}],"collection":[{"href":"https:\/\/bleudubai.com\/pt-pt\/wp-json\/wp\/v2\/product"}],"about":[{"href":"https:\/\/bleudubai.com\/pt-pt\/wp-json\/wp\/v2\/types\/product"}],"replies":[{"embeddable":true,"href":"https:\/\/bleudubai.com\/pt-pt\/wp-json\/wp\/v2\/comments?post=7644"}],"wp:featuredmedia":[{"embeddable":true,"href":"https:\/\/bleudubai.com\/pt-pt\/wp-json\/wp\/v2\/media\/6683"}],"wp:attachment":[{"href":"https:\/\/bleudubai.com\/pt-pt\/wp-json\/wp\/v2\/media?parent=7644"}],"wp:term":[{"taxonomy":"product_brand","embeddable":true,"href":"https:\/\/bleudubai.com\/pt-pt\/wp-json\/wp\/v2\/product_brand?post=7644"},{"taxonomy":"product_cat","embeddable":true,"href":"https:\/\/bleudubai.com\/pt-pt\/wp-json\/wp\/v2\/product_cat?post=7644"},{"taxonomy":"product_tag","embeddable":true,"href":"https:\/\/bleudubai.com\/pt-pt\/wp-json\/wp\/v2\/product_tag?post=7644"}],"curies":[{"name":"wp","href":"https:\/\/api.w.org\/{rel}","templated":true}]}}