{"id":7656,"date":"2024-09-01T19:38:13","date_gmt":"2024-09-01T15:38:13","guid":{"rendered":"https:\/\/bleudubai.com\/product\/explora-as-maravilhas-do-recife-submarino-do-burj-al-arab-a-dubai\/"},"modified":"2024-09-01T19:38:13","modified_gmt":"2024-09-01T19:38:13","slug":"explora-as-maravilhas-do-recife-submarino-do-burj-al-arab-a-dubai","status":"publish","type":"product","link":"https:\/\/bleudubai.com\/pt-pt\/produto\/explora-as-maravilhas-do-recife-submarino-do-burj-al-arab-a-dubai\/","title":{"rendered":"Explora as maravilhas do recife subaqu\u00e1tico do Burj Al Arab no Dubai"},"content":{"rendered":"<p>O programa Discovery Scuba Diving oferece-te a oportunidade de mergulhar no mundo subaqu\u00e1tico sem qualquer experi\u00eancia pr\u00e9via. \u00c9 a oportunidade perfeita para mergulhadores n\u00e3o certificados descobrirem as maravilhas deste ambiente fascinante sob a orienta\u00e7\u00e3o dos nossos instrutores experientes. Ser-te-\u00e3o apresentadas as no\u00e7\u00f5es b\u00e1sicas de mergulho, incluindo equipamento e regras de seguran\u00e7a, e praticar\u00e1s compet\u00eancias b\u00e1sicas em \u00e1guas confinadas antes de te aventurares de barco at\u00e9 um dos recifes de coral no Burj Al Arab, no Dubai. O teu instrutor estar\u00e1 ao teu lado durante todo o percurso, permitindo-te relaxar e apreciar os corais coloridos e a vida marinha. Quer viajes sozinho ou em grupo, esta atividade familiar d\u00e1-te a oportunidade de fazeres novos amigos enquanto exploras o fundo do mar. O teu instrutor ir\u00e1 tamb\u00e9m tirar fotografias dos teus momentos memor\u00e1veis, para que possas relaxar e desfrutar desta experi\u00eancia de mergulho.<\/p>\n","protected":false},"excerpt":{"rendered":"<p>Descobre uma experi\u00eancia \u00fanica explorando o mundo subaqu\u00e1tico do recife do Burj Al Arab no Dubai.<\/p>\n","protected":false},"featured_media":6668,"comment_status":"open","ping_status":"closed","template":"","meta":{"_acf_changed":false},"product_brand":[],"product_cat":[145,150],"product_tag":[],"class_list":{"0":"post-7656","1":"product","2":"type-product","3":"status-publish","4":"has-post-thumbnail","6":"product_cat-atividades-aquaticas","7":"product_cat-atividades-combinadas","9":"first","10":"instock","11":"shipping-taxable","12":"purchasable","13":"product-type-simple"},"acf":[],"_links":{"self":[{"href":"https:\/\/bleudubai.com\/pt-pt\/wp-json\/wp\/v2\/product\/7656","targetHints":{"allow":["GET"]}}],"collection":[{"href":"https:\/\/bleudubai.com\/pt-pt\/wp-json\/wp\/v2\/product"}],"about":[{"href":"https:\/\/bleudubai.com\/pt-pt\/wp-json\/wp\/v2\/types\/product"}],"replies":[{"embeddable":true,"href":"https:\/\/bleudubai.com\/pt-pt\/wp-json\/wp\/v2\/comments?post=7656"}],"wp:featuredmedia":[{"embeddable":true,"href":"https:\/\/bleudubai.com\/pt-pt\/wp-json\/wp\/v2\/media\/6668"}],"wp:attachment":[{"href":"https:\/\/bleudubai.com\/pt-pt\/wp-json\/wp\/v2\/media?parent=7656"}],"wp:term":[{"taxonomy":"product_brand","embeddable":true,"href":"https:\/\/bleudubai.com\/pt-pt\/wp-json\/wp\/v2\/product_brand?post=7656"},{"taxonomy":"product_cat","embeddable":true,"href":"https:\/\/bleudubai.com\/pt-pt\/wp-json\/wp\/v2\/product_cat?post=7656"},{"taxonomy":"product_tag","embeddable":true,"href":"https:\/\/bleudubai.com\/pt-pt\/wp-json\/wp\/v2\/product_tag?post=7656"}],"curies":[{"name":"wp","href":"https:\/\/api.w.org\/{rel}","templated":true}]}}