{"id":7657,"date":"2024-09-01T19:38:13","date_gmt":"2024-09-01T19:38:13","guid":{"rendered":"https:\/\/bleudubai.com\/product\/explorar-palm-jumeirah-em-stand-up-paddle-duracao-60-minutos\/"},"modified":"2025-10-01T18:29:21","modified_gmt":"2025-10-01T14:29:21","slug":"explorar-palm-jumeirah-em-stand-up-paddle-duracao-60-minutos","status":"publish","type":"product","link":"https:\/\/bleudubai.com\/pt-pt\/produto\/explorar-palm-jumeirah-em-stand-up-paddle-duracao-60-minutos\/","title":{"rendered":"Explora Palm Jumeirah num Stand Up Paddle &#8211; Dura\u00e7\u00e3o 60 minutos"},"content":{"rendered":"<p>Embarca numa aventura de Stand Up Paddle nas \u00e1guas cintilantes de Palm Jumeirah. Encontra o teu equil\u00edbrio na prancha e desfruta da liberdade de deslizar ao longo desta ilha emblem\u00e1tica. Foge do ritmo fren\u00e9tico da cidade, apanha sol no rosto e deixa-te levar pela brisa do mar. Esta atividade \u00e9 adequada para todos os n\u00edveis e oferecemos uma sess\u00e3o de treino gratuita de 15 minutos para principiantes. Convida os teus amigos e familiares para partilharem contigo esta experi\u00eancia inesquec\u00edvel.<\/p>\n","protected":false},"excerpt":{"rendered":"<p>Descobre Palm Jumeirah a partir da \u00e1gua numa experi\u00eancia de Stand Up Paddle. Aluga uma prancha e admira as vistas deslumbrantes sobre o Dubai. Desfruta do p\u00f4r do sol ou do nascer do sol sobre a magn\u00edfica linha do horizonte.  <\/p>\n","protected":false},"featured_media":6653,"comment_status":"open","ping_status":"closed","template":"","meta":{"_acf_changed":false},"product_brand":[],"product_cat":[145,165],"product_tag":[],"class_list":{"0":"post-7657","1":"product","2":"type-product","3":"status-publish","4":"has-post-thumbnail","6":"product_cat-atividades-aquaticas","7":"product_cat-atividades-familiares","9":"first","10":"instock","11":"shipping-taxable","12":"purchasable","13":"product-type-simple"},"acf":[],"_links":{"self":[{"href":"https:\/\/bleudubai.com\/pt-pt\/wp-json\/wp\/v2\/product\/7657","targetHints":{"allow":["GET"]}}],"collection":[{"href":"https:\/\/bleudubai.com\/pt-pt\/wp-json\/wp\/v2\/product"}],"about":[{"href":"https:\/\/bleudubai.com\/pt-pt\/wp-json\/wp\/v2\/types\/product"}],"replies":[{"embeddable":true,"href":"https:\/\/bleudubai.com\/pt-pt\/wp-json\/wp\/v2\/comments?post=7657"}],"wp:featuredmedia":[{"embeddable":true,"href":"https:\/\/bleudubai.com\/pt-pt\/wp-json\/wp\/v2\/media\/6653"}],"wp:attachment":[{"href":"https:\/\/bleudubai.com\/pt-pt\/wp-json\/wp\/v2\/media?parent=7657"}],"wp:term":[{"taxonomy":"product_brand","embeddable":true,"href":"https:\/\/bleudubai.com\/pt-pt\/wp-json\/wp\/v2\/product_brand?post=7657"},{"taxonomy":"product_cat","embeddable":true,"href":"https:\/\/bleudubai.com\/pt-pt\/wp-json\/wp\/v2\/product_cat?post=7657"},{"taxonomy":"product_tag","embeddable":true,"href":"https:\/\/bleudubai.com\/pt-pt\/wp-json\/wp\/v2\/product_tag?post=7657"}],"curies":[{"name":"wp","href":"https:\/\/api.w.org\/{rel}","templated":true}]}}